{"id":163,"date":"2017-10-12T09:58:42","date_gmt":"2017-10-12T09:58:42","guid":{"rendered":"http:\/\/sos-childabduction.eu\/?page_id=163"},"modified":"2017-11-02T08:54:54","modified_gmt":"2017-11-02T08:54:54","slug":"uber-uns","status":"publish","type":"page","link":"https:\/\/sos-childabduction.eu\/de\/ziele-des-vereins\/uber-uns\/","title":{"rendered":"\u00dcber uns"},"content":{"rendered":"<p>Kurze Vorstellung des Vereines<\/p>\n<h2>Wir k\u00e4mpfen um ins Ausland entf\u00fchrte Kinder<\/h2>\n<p>Die Zahl der von eigenen Elternteilen entf\u00fchrten Kinder steigt j\u00e4hrlich und kontinuierlich an. Der in Deutschland zur\u00fcckgebliebene Elternteil steht meist hilflos da, da es zwar staatliche Institutionen gibt, wie zum Beispiel das\u00a0<a href=\"https:\/\/www.bundesjustizamt.de\/DE\/Home\/homepage_node.html\">Bundesamt f\u00fcr Justiz<\/a>, welches bei internationalen Sorgerechtskonflikten die in Deutschland zust\u00e4ndige Beh\u00f6rde ist, jedoch so gut wie nie helfen. Aus diesem Grund haben wir unseren Verein SOS \u2013 KINDESENTF\u00dcHRUNG e.V. gegr\u00fcndet, damit in Deutschland lebende Opfer nicht nur recht haben, sondern damit ihnen zu ihrem Recht verholfen wird. Die Gr\u00fcnder unseres Vereins sind gr\u00f6\u00dftenteils selbst betroffene Eltern, die feststellen mussten, dass von staatlicher Seite her gar kein Interesse besteht, ihnen zu helfen. Obwohl wir ein recht junger Verein sind, der am 25.05.2016 gegr\u00fcndet wurde, ist unsere Erfolgsquote der zur\u00fcckgef\u00fchrten Kinder statistisch gesehen bereits erfolgreicher als die des Bundes. In den meisten F\u00e4llen sind es die M\u00fctter, die ihre Kinder ins Ausland verschleppen. Deswegen unterst\u00fctzen wir in der Regel betroffene Opferv\u00e4ter. Unser Ziel ist es allerdings allen Betroffenen zu helfen, v\u00f6llig gleich, welchen Geschlechts sie sind. Wir ergreifen nicht Partei f\u00fcr ein Geschlecht, sondern k\u00e4mpfen in erster Linie f\u00fcr die Kinder, denn sie sind die, die misshandelt werden.<\/p>\n<h3>Kindesentf\u00fchrung ist Kindesmisshandlung<\/h3>\n<p>Obwohl in Deutschland statistisch gesehen t\u00e4glich mindestens ein Kind von einem seiner Elternteile ins Ausland entf\u00fchrt wird, erfahren wir fast nie aus den Medien davon. Es wird totgeschwiegen, obwohl diese Kinder durch eine Entf\u00fchrung misshandelt werden. Sie werden von ihren Freunden und Familienmitgliedern unfreiwillig getrennt und erleben eine psychisch extrem belastende Situation, mit der nicht mal erwachsene ohne psychische Folgesch\u00e4den fertig werden. Genauso wie die entf\u00fchrten Kinder leiden auch die zur\u00fcckgebliebenen Elternteile, Geschwister und Gro\u00dfeltern, denn oft werden sie zu Unrecht des Kindesmissbrauchs oder anderer Straftaten bezichtigt, die nie vorgefallen sind. In den meisten F\u00e4llen geht es den Entf\u00fchrern darum den ehemaligen Partnern zu schaden, v\u00f6llig gleich mit welchen krankhaften Mitteln und deswegen z\u00e4hlt zu unseren Aufgaben nicht nur den Betroffenen aktiv zu helfen, sondern auch die Bev\u00f6lkerung auf diese Problematik aufmerksam zu machen.<\/p>\n<h3>Wir bieten schnelle und kompetente Hilfe<\/h3>\n<p>Da bei einer Entf\u00fchrung ins Ausland schnell gehandelt werden muss, bitten wir alle Opfer sich bei uns direkt zu melden. Aufgrund unserer eigenen Entf\u00fchrungsf\u00e4lle haben wir einen Lernprozess durchlaufen m\u00fcssen, von dem jedes Opfer profitieren kann. Wir wissen, welche Schritte notwendig sind, um die entf\u00fchrten Kinder m\u00f6glichst schnell wieder nach Hause zu bringen, denn jede unn\u00f6tige Verz\u00f6gerung der R\u00fcckf\u00fchrung bringt die zur\u00fcckgebliebenen Opferelternteile an den Rand des finanziellen Ruins. Durch uns werden anfallende Anwaltskosten minimiert. Weiter haben wir viele Mitglieder in unseren Reihen die Fremdsprachen sprechen und uns kompetent in den jeweiligen Zielstaaten bei der Kommunikation unterst\u00fctzen oder vertreten. Sie kennen die Strukturen der jeweiligen Staaten, was sehr wichtig ist, denn nicht selten ist Justiz und Polizei korrupt und die zust\u00e4ndigen Sozialdienste sind in der Regel falsch informiert, aufgrund von gezielter Desinformation und falschen Beschuldigungen vonseiten der Entf\u00fchrer. Da in vielen Staaten kein Interesse besteht diese F\u00e4lle aufzukl\u00e4ren, wird oft entgegengewirkt, um diese F\u00e4lle in die Legalit\u00e4t umzukehren. Das bedeutet, dass in den meisten F\u00e4llen den Entf\u00fchrern das alleinige Sorgerecht \u00fcbertragen wird. Aus diesem Grund ist ein sofortiges Handeln und erfahrene anwaltliche Vertretung zwingend notwendig.<\/p>\n<h2>Wir helfen jedem Opfer<\/h2>\n<p>Unabh\u00e4ngig davon, ob ein Opfer \u00fcber gen\u00fcgend finanzielle Mittel verf\u00fcgt oder nicht, wir haben uns verpflichtet, jedem Opfer zu helfen. Obwohl wir einen Gro\u00dfteil durch eigene Mittel und Mitgliedsbeitr\u00e4ge finanzieren, sind wir auf Spenden angewiesen. Diese nutzen wir unter anderem, um zwingend notwendige Fachanw\u00e4lte in den jeweiligen Staaten bezahlen zu k\u00f6nnen. Wir freuen uns \u00fcber jeden Beitrag, der geleistet wird, und wenn es nur ein paar Briefmarken sind, die uns den enormen Schriftverkehr finanziell erleichtern.<\/p>\n","protected":false},"excerpt":{"rendered":"<p>Kurze Vorstellung des Vereines Wir k\u00e4mpfen um ins Ausland entf\u00fchrte Kinder Die Zahl der von eigenen Elternteilen entf\u00fchrten Kinder steigt j\u00e4hrlich und kontinuierlich an. Der in Deutschland zur\u00fcckgebliebene Elternteil steht meist hilflos da, da es zwar staatliche Institutionen gibt, wie zum Beispiel das\u00a0Bundesamt f\u00fcr Justiz, welches bei internationalen Sorgerechtskonflikten die in Deutschland zust\u00e4ndige Beh\u00f6rde ist, [&hellip;]<\/p>\n","protected":false},"author":1,"featured_media":0,"parent":157,"menu_order":0,"comment_status":"closed","ping_status":"closed","template":"","meta":{"_locale":"de_DE","_original_post":"26"},"yoast_head":"<!-- This site is optimized with the Yoast SEO plugin v18.6 - https:\/\/yoast.com\/wordpress\/plugins\/seo\/ -->\n<title>\u00dcber uns - SOS Child Abduction<\/title>\n<meta name=\"robots\" content=\"index, follow, max-snippet:-1, max-image-preview:large, max-video-preview:-1\" \/>\n<link rel=\"canonical\" href=\"https:\/\/sos-childabduction.eu\/ziele-des-vereins\/uber-uns\/\" \/>\n<meta property=\"og:locale\" content=\"de_DE\" \/>\n<meta property=\"og:type\" content=\"article\" \/>\n<meta property=\"og:title\" content=\"\u00dcber uns - SOS Child Abduction\" \/>\n<meta property=\"og:description\" content=\"Kurze Vorstellung des Vereines Wir k\u00e4mpfen um ins Ausland entf\u00fchrte Kinder Die Zahl der von eigenen Elternteilen entf\u00fchrten Kinder steigt j\u00e4hrlich und kontinuierlich an. Der in Deutschland zur\u00fcckgebliebene Elternteil steht meist hilflos da, da es zwar staatliche Institutionen gibt, wie zum Beispiel das\u00a0Bundesamt f\u00fcr Justiz, welches bei internationalen Sorgerechtskonflikten die in Deutschland zust\u00e4ndige Beh\u00f6rde ist, [&hellip;]\" \/>\n<meta property=\"og:url\" content=\"https:\/\/sos-childabduction.eu\/ziele-des-vereins\/uber-uns\/\" \/>\n<meta property=\"og:site_name\" content=\"SOS Child Abduction\" \/>\n<meta property=\"article:modified_time\" content=\"2017-11-02T08:54:54+00:00\" \/>\n<meta name=\"twitter:card\" content=\"summary\" \/>\n<meta name=\"twitter:label1\" content=\"Gesch\u00e4tzte Lesezeit\" \/>\n\t<meta name=\"twitter:data1\" content=\"3\u00a0Minuten\" \/>\n<script type=\"application\/ld+json\" class=\"yoast-schema-graph\">{\"@context\":\"https:\/\/schema.org\",\"@graph\":[{\"@type\":\"WebSite\",\"@id\":\"https:\/\/sos-childabduction.eu\/#website\",\"url\":\"https:\/\/sos-childabduction.eu\/\",\"name\":\"SOS Child Abduction\",\"description\":\"The European Organization for the Rescue of Abducted Children\",\"potentialAction\":[{\"@type\":\"SearchAction\",\"target\":{\"@type\":\"EntryPoint\",\"urlTemplate\":\"https:\/\/sos-childabduction.eu\/?s={search_term_string}\"},\"query-input\":\"required name=search_term_string\"}],\"inLanguage\":\"de\"},{\"@type\":\"WebPage\",\"@id\":\"https:\/\/sos-childabduction.eu\/ziele-des-vereins\/uber-uns\/#webpage\",\"url\":\"https:\/\/sos-childabduction.eu\/ziele-des-vereins\/uber-uns\/\",\"name\":\"\u00dcber uns - SOS Child Abduction\",\"isPartOf\":{\"@id\":\"https:\/\/sos-childabduction.eu\/#website\"},\"datePublished\":\"2017-10-12T09:58:42+00:00\",\"dateModified\":\"2017-11-02T08:54:54+00:00\",\"breadcrumb\":{\"@id\":\"https:\/\/sos-childabduction.eu\/ziele-des-vereins\/uber-uns\/#breadcrumb\"},\"inLanguage\":\"de\",\"potentialAction\":[{\"@type\":\"ReadAction\",\"target\":[\"https:\/\/sos-childabduction.eu\/ziele-des-vereins\/uber-uns\/\"]}]},{\"@type\":\"BreadcrumbList\",\"@id\":\"https:\/\/sos-childabduction.eu\/ziele-des-vereins\/uber-uns\/#breadcrumb\",\"itemListElement\":[{\"@type\":\"ListItem\",\"position\":1,\"name\":\"Home\",\"item\":\"https:\/\/sos-childabduction.eu\/\"},{\"@type\":\"ListItem\",\"position\":2,\"name\":\"Ziele des Vereins\",\"item\":\"https:\/\/sos-childabduction.eu\/ziele-des-vereins\/\"},{\"@type\":\"ListItem\",\"position\":3,\"name\":\"\u00dcber uns\"}]}]}<\/script>\n<!-- \/ Yoast SEO plugin. -->","yoast_head_json":{"title":"\u00dcber uns - SOS Child Abduction","robots":{"index":"index","follow":"follow","max-snippet":"max-snippet:-1","max-image-preview":"max-image-preview:large","max-video-preview":"max-video-preview:-1"},"canonical":"https:\/\/sos-childabduction.eu\/ziele-des-vereins\/uber-uns\/","og_locale":"de_DE","og_type":"article","og_title":"\u00dcber uns - SOS Child Abduction","og_description":"Kurze Vorstellung des Vereines Wir k\u00e4mpfen um ins Ausland entf\u00fchrte Kinder Die Zahl der von eigenen Elternteilen entf\u00fchrten Kinder steigt j\u00e4hrlich und kontinuierlich an. Der in Deutschland zur\u00fcckgebliebene Elternteil steht meist hilflos da, da es zwar staatliche Institutionen gibt, wie zum Beispiel das\u00a0Bundesamt f\u00fcr Justiz, welches bei internationalen Sorgerechtskonflikten die in Deutschland zust\u00e4ndige Beh\u00f6rde ist, [&hellip;]","og_url":"https:\/\/sos-childabduction.eu\/ziele-des-vereins\/uber-uns\/","og_site_name":"SOS Child Abduction","article_modified_time":"2017-11-02T08:54:54+00:00","twitter_card":"summary","twitter_misc":{"Gesch\u00e4tzte Lesezeit":"3\u00a0Minuten"},"schema":{"@context":"https:\/\/schema.org","@graph":[{"@type":"WebSite","@id":"https:\/\/sos-childabduction.eu\/#website","url":"https:\/\/sos-childabduction.eu\/","name":"SOS Child Abduction","description":"The European Organization for the Rescue of Abducted Children","potentialAction":[{"@type":"SearchAction","target":{"@type":"EntryPoint","urlTemplate":"https:\/\/sos-childabduction.eu\/?s={search_term_string}"},"query-input":"required name=search_term_string"}],"inLanguage":"de"},{"@type":"WebPage","@id":"https:\/\/sos-childabduction.eu\/ziele-des-vereins\/uber-uns\/#webpage","url":"https:\/\/sos-childabduction.eu\/ziele-des-vereins\/uber-uns\/","name":"\u00dcber uns - SOS Child Abduction","isPartOf":{"@id":"https:\/\/sos-childabduction.eu\/#website"},"datePublished":"2017-10-12T09:58:42+00:00","dateModified":"2017-11-02T08:54:54+00:00","breadcrumb":{"@id":"https:\/\/sos-childabduction.eu\/ziele-des-vereins\/uber-uns\/#breadcrumb"},"inLanguage":"de","potentialAction":[{"@type":"ReadAction","target":["https:\/\/sos-childabduction.eu\/ziele-des-vereins\/uber-uns\/"]}]},{"@type":"BreadcrumbList","@id":"https:\/\/sos-childabduction.eu\/ziele-des-vereins\/uber-uns\/#breadcrumb","itemListElement":[{"@type":"ListItem","position":1,"name":"Home","item":"https:\/\/sos-childabduction.eu\/"},{"@type":"ListItem","position":2,"name":"Ziele des Vereins","item":"https:\/\/sos-childabduction.eu\/ziele-des-vereins\/"},{"@type":"ListItem","position":3,"name":"\u00dcber uns"}]}]}},"_links":{"self":[{"href":"https:\/\/sos-childabduction.eu\/wp-json\/wp\/v2\/pages\/163"}],"collection":[{"href":"https:\/\/sos-childabduction.eu\/wp-json\/wp\/v2\/pages"}],"about":[{"href":"https:\/\/sos-childabduction.eu\/wp-json\/wp\/v2\/types\/page"}],"author":[{"embeddable":true,"href":"https:\/\/sos-childabduction.eu\/wp-json\/wp\/v2\/users\/1"}],"replies":[{"embeddable":true,"href":"https:\/\/sos-childabduction.eu\/wp-json\/wp\/v2\/comments?post=163"}],"version-history":[{"count":4,"href":"https:\/\/sos-childabduction.eu\/wp-json\/wp\/v2\/pages\/163\/revisions"}],"predecessor-version":[{"id":3551,"href":"https:\/\/sos-childabduction.eu\/wp-json\/wp\/v2\/pages\/163\/revisions\/3551"}],"up":[{"embeddable":true,"href":"https:\/\/sos-childabduction.eu\/wp-json\/wp\/v2\/pages\/157"}],"wp:attachment":[{"href":"https:\/\/sos-childabduction.eu\/wp-json\/wp\/v2\/media?parent=163"}],"curies":[{"name":"wp","href":"https:\/\/api.w.org\/{rel}","templated":true}]}}