{"id":351,"date":"2017-10-13T13:52:29","date_gmt":"2017-10-13T13:52:29","guid":{"rendered":"http:\/\/sos-childabduction.eu\/?page_id=351"},"modified":"2021-05-24T13:43:16","modified_gmt":"2021-05-24T13:43:16","slug":"spende","status":"publish","type":"page","link":"https:\/\/sos-childabduction.eu\/de\/spende\/","title":{"rendered":"Spende"},"content":{"rendered":"<h2>Liebe Mitb\u00fcrgerinnen und Mitb\u00fcrger, liebe Eltern !<\/h2>\n<h3>Unsere Elterninitiative SOS Kindesentf\u00fchrung e.V. bittet Sie um Hilfe.<\/h3>\n<p>Eine Kindesentf\u00fchrung ist immer eine Trag\u00f6die, f\u00fcr das Kind, Eltern, nahe Angeh\u00f6rige. Oft steht man mittellos und alleine da und versteht die Welt nicht mehr. Wir helfen in solchen F\u00e4llen. Aber auch wir brauchen Ihre Unterst\u00fctzung.<\/p>\n<p>Wir sind auf finanzielle Hilfe angewiesen: f\u00fcr Rechtsbeistand, Unterbringung, Betreuung und \u00dcberbr\u00fcckung der Zeit, bis die Kinder wieder zu Hause sind.<\/p>\n<p>Bitte leisten Sie daf\u00fcr einen Beitrag \u00fcber unser Vereinskonto:<br \/>\nStichwort:\u00a0<strong>\u201eSpende f\u00fcr SOS Kindesentf\u00fchrung\u201c<\/strong><\/p>\n<p><strong>Berliner<\/strong>\u00a0<strong>Sparkasse<br \/>\n<\/strong><strong>BIC: BELADEBEXXX<br \/>\n<\/strong><strong>IBAN: DE43 1005 0000 0190 5606 30<\/strong><\/p>\n<p><strong>Oder per PAYPAL:\u00a0<a href=\"mailto:info@sos-childabduction.eu\">info@sos-childabduction.eu<\/a><br \/>\n<\/strong><strong>Paypal bitte\u00a0<a href=\"https:\/\/www.paypal.com\/cgi-bin\/webscr?cmd=_s-xclick&amp;hosted_button_id=QCU2ZX62UFTNG\" data-saferedirecturl=\"https:\/\/www.paypal.com\/cgi-bin\/webscr?cmd=_s-xclick&amp;hosted_button_id=QCU2ZX62UFTNG\">hier<\/a>\u00a0klicken:<br \/>\n<a href=\"https:\/\/www.paypal.com\/cgi-bin\/webscr?cmd=_s-xclick&amp;hosted_button_id=QCU2ZX62UFTNG\">PAYPAL an SOS KINDESENTF\u00dcHRUNG e.V.<\/a>\u00a0 \u00a0 \u00a0 \u00a0 \u00a0<\/strong><\/p>\n<p>Jede noch so kleine Spende ist willkommen \u2013 f\u00fcr die Zukunft der Kinder !<br \/>\nMehr \u00fcber unsere Vereinsarbeit f\u00fcr entf\u00fchrte Kinder erfahren Sie unter\u00a0<em><a href=\"http:\/\/www.sos-kindesentfuehrung.de\/\" data-saferedirecturl=\"https:\/\/www.google.com\/url?hl=pl&amp;q=http:\/\/www.sos-kindesentfuehrung.de\/&amp;source=gmail&amp;ust=1507966787405000&amp;usg=AFQjCNHgup04sRmkMWm9cVeLqd8krBq4fQ\">www.sos-kindesentfuehrung.de<\/a>\u00a0.<\/em><\/p>\n<p>Berlin, \u00a0SOS Kindesentf\u00fchrung e.V.<\/p>\n","protected":false},"excerpt":{"rendered":"<p>Liebe Mitb\u00fcrgerinnen und Mitb\u00fcrger, liebe Eltern ! Unsere Elterninitiative SOS Kindesentf\u00fchrung e.V. bittet Sie um Hilfe. Eine Kindesentf\u00fchrung ist immer eine Trag\u00f6die, f\u00fcr das Kind, Eltern, nahe Angeh\u00f6rige. Oft steht man mittellos und alleine da und versteht die Welt nicht mehr. Wir helfen in solchen F\u00e4llen. Aber auch wir brauchen Ihre Unterst\u00fctzung. Wir sind auf [&hellip;]<\/p>\n","protected":false},"author":1,"featured_media":118,"parent":0,"menu_order":0,"comment_status":"closed","ping_status":"closed","template":"","meta":{"_locale":"de_DE","_original_post":"122"},"yoast_head":"<!-- This site is optimized with the Yoast SEO plugin v18.6 - https:\/\/yoast.com\/wordpress\/plugins\/seo\/ -->\n<title>Spende - SOS Child Abduction<\/title>\n<meta name=\"robots\" content=\"index, follow, max-snippet:-1, max-image-preview:large, max-video-preview:-1\" \/>\n<link rel=\"canonical\" href=\"https:\/\/sos-childabduction.eu\/spende\/\" \/>\n<meta property=\"og:locale\" content=\"de_DE\" \/>\n<meta property=\"og:type\" content=\"article\" \/>\n<meta property=\"og:title\" content=\"Spende - SOS Child Abduction\" \/>\n<meta property=\"og:description\" content=\"Liebe Mitb\u00fcrgerinnen und Mitb\u00fcrger, liebe Eltern ! Unsere Elterninitiative SOS Kindesentf\u00fchrung e.V. bittet Sie um Hilfe. Eine Kindesentf\u00fchrung ist immer eine Trag\u00f6die, f\u00fcr das Kind, Eltern, nahe Angeh\u00f6rige. Oft steht man mittellos und alleine da und versteht die Welt nicht mehr. Wir helfen in solchen F\u00e4llen. Aber auch wir brauchen Ihre Unterst\u00fctzung. Wir sind auf [&hellip;]\" \/>\n<meta property=\"og:url\" content=\"https:\/\/sos-childabduction.eu\/spende\/\" \/>\n<meta property=\"og:site_name\" content=\"SOS Child Abduction\" \/>\n<meta property=\"article:modified_time\" content=\"2021-05-24T13:43:16+00:00\" \/>\n<meta property=\"og:image\" content=\"https:\/\/sos-childabduction.eu\/wp-content\/uploads\/2017\/10\/boy-447701_1280-e1507293208313.jpg\" \/>\n\t<meta property=\"og:image:width\" content=\"1280\" \/>\n\t<meta property=\"og:image:height\" content=\"412\" \/>\n\t<meta property=\"og:image:type\" content=\"image\/jpeg\" \/>\n<meta name=\"twitter:card\" content=\"summary\" \/>\n<meta name=\"twitter:label1\" content=\"Gesch\u00e4tzte Lesezeit\" \/>\n\t<meta name=\"twitter:data1\" content=\"1\u00a0Minute\" \/>\n<script type=\"application\/ld+json\" class=\"yoast-schema-graph\">{\"@context\":\"https:\/\/schema.org\",\"@graph\":[{\"@type\":\"WebSite\",\"@id\":\"https:\/\/sos-childabduction.eu\/#website\",\"url\":\"https:\/\/sos-childabduction.eu\/\",\"name\":\"SOS Child Abduction\",\"description\":\"The European Organization for the Rescue of Abducted Children\",\"potentialAction\":[{\"@type\":\"SearchAction\",\"target\":{\"@type\":\"EntryPoint\",\"urlTemplate\":\"https:\/\/sos-childabduction.eu\/?s={search_term_string}\"},\"query-input\":\"required name=search_term_string\"}],\"inLanguage\":\"de\"},{\"@type\":\"ImageObject\",\"@id\":\"https:\/\/sos-childabduction.eu\/spende\/#primaryimage\",\"inLanguage\":\"de\",\"url\":\"https:\/\/sos-childabduction.eu\/wp-content\/uploads\/2017\/10\/boy-447701_1280-e1507293208313.jpg\",\"contentUrl\":\"https:\/\/sos-childabduction.eu\/wp-content\/uploads\/2017\/10\/boy-447701_1280-e1507293208313.jpg\",\"width\":1280,\"height\":412,\"caption\":\"boy-447701_1280\"},{\"@type\":\"WebPage\",\"@id\":\"https:\/\/sos-childabduction.eu\/spende\/#webpage\",\"url\":\"https:\/\/sos-childabduction.eu\/spende\/\",\"name\":\"Spende - SOS Child Abduction\",\"isPartOf\":{\"@id\":\"https:\/\/sos-childabduction.eu\/#website\"},\"primaryImageOfPage\":{\"@id\":\"https:\/\/sos-childabduction.eu\/spende\/#primaryimage\"},\"datePublished\":\"2017-10-13T13:52:29+00:00\",\"dateModified\":\"2021-05-24T13:43:16+00:00\",\"breadcrumb\":{\"@id\":\"https:\/\/sos-childabduction.eu\/spende\/#breadcrumb\"},\"inLanguage\":\"de\",\"potentialAction\":[{\"@type\":\"ReadAction\",\"target\":[\"https:\/\/sos-childabduction.eu\/spende\/\"]}]},{\"@type\":\"BreadcrumbList\",\"@id\":\"https:\/\/sos-childabduction.eu\/spende\/#breadcrumb\",\"itemListElement\":[{\"@type\":\"ListItem\",\"position\":1,\"name\":\"Home\",\"item\":\"https:\/\/sos-childabduction.eu\/\"},{\"@type\":\"ListItem\",\"position\":2,\"name\":\"Spende\"}]}]}<\/script>\n<!-- \/ Yoast SEO plugin. -->","yoast_head_json":{"title":"Spende - SOS Child Abduction","robots":{"index":"index","follow":"follow","max-snippet":"max-snippet:-1","max-image-preview":"max-image-preview:large","max-video-preview":"max-video-preview:-1"},"canonical":"https:\/\/sos-childabduction.eu\/spende\/","og_locale":"de_DE","og_type":"article","og_title":"Spende - SOS Child Abduction","og_description":"Liebe Mitb\u00fcrgerinnen und Mitb\u00fcrger, liebe Eltern ! Unsere Elterninitiative SOS Kindesentf\u00fchrung e.V. bittet Sie um Hilfe. Eine Kindesentf\u00fchrung ist immer eine Trag\u00f6die, f\u00fcr das Kind, Eltern, nahe Angeh\u00f6rige. Oft steht man mittellos und alleine da und versteht die Welt nicht mehr. Wir helfen in solchen F\u00e4llen. Aber auch wir brauchen Ihre Unterst\u00fctzung. Wir sind auf [&hellip;]","og_url":"https:\/\/sos-childabduction.eu\/spende\/","og_site_name":"SOS Child Abduction","article_modified_time":"2021-05-24T13:43:16+00:00","og_image":[{"width":1280,"height":412,"url":"https:\/\/sos-childabduction.eu\/wp-content\/uploads\/2017\/10\/boy-447701_1280-e1507293208313.jpg","type":"image\/jpeg"}],"twitter_card":"summary","twitter_misc":{"Gesch\u00e4tzte Lesezeit":"1\u00a0Minute"},"schema":{"@context":"https:\/\/schema.org","@graph":[{"@type":"WebSite","@id":"https:\/\/sos-childabduction.eu\/#website","url":"https:\/\/sos-childabduction.eu\/","name":"SOS Child Abduction","description":"The European Organization for the Rescue of Abducted Children","potentialAction":[{"@type":"SearchAction","target":{"@type":"EntryPoint","urlTemplate":"https:\/\/sos-childabduction.eu\/?s={search_term_string}"},"query-input":"required name=search_term_string"}],"inLanguage":"de"},{"@type":"ImageObject","@id":"https:\/\/sos-childabduction.eu\/spende\/#primaryimage","inLanguage":"de","url":"https:\/\/sos-childabduction.eu\/wp-content\/uploads\/2017\/10\/boy-447701_1280-e1507293208313.jpg","contentUrl":"https:\/\/sos-childabduction.eu\/wp-content\/uploads\/2017\/10\/boy-447701_1280-e1507293208313.jpg","width":1280,"height":412,"caption":"boy-447701_1280"},{"@type":"WebPage","@id":"https:\/\/sos-childabduction.eu\/spende\/#webpage","url":"https:\/\/sos-childabduction.eu\/spende\/","name":"Spende - SOS Child Abduction","isPartOf":{"@id":"https:\/\/sos-childabduction.eu\/#website"},"primaryImageOfPage":{"@id":"https:\/\/sos-childabduction.eu\/spende\/#primaryimage"},"datePublished":"2017-10-13T13:52:29+00:00","dateModified":"2021-05-24T13:43:16+00:00","breadcrumb":{"@id":"https:\/\/sos-childabduction.eu\/spende\/#breadcrumb"},"inLanguage":"de","potentialAction":[{"@type":"ReadAction","target":["https:\/\/sos-childabduction.eu\/spende\/"]}]},{"@type":"BreadcrumbList","@id":"https:\/\/sos-childabduction.eu\/spende\/#breadcrumb","itemListElement":[{"@type":"ListItem","position":1,"name":"Home","item":"https:\/\/sos-childabduction.eu\/"},{"@type":"ListItem","position":2,"name":"Spende"}]}]}},"_links":{"self":[{"href":"https:\/\/sos-childabduction.eu\/wp-json\/wp\/v2\/pages\/351"}],"collection":[{"href":"https:\/\/sos-childabduction.eu\/wp-json\/wp\/v2\/pages"}],"about":[{"href":"https:\/\/sos-childabduction.eu\/wp-json\/wp\/v2\/types\/page"}],"author":[{"embeddable":true,"href":"https:\/\/sos-childabduction.eu\/wp-json\/wp\/v2\/users\/1"}],"replies":[{"embeddable":true,"href":"https:\/\/sos-childabduction.eu\/wp-json\/wp\/v2\/comments?post=351"}],"version-history":[{"count":7,"href":"https:\/\/sos-childabduction.eu\/wp-json\/wp\/v2\/pages\/351\/revisions"}],"predecessor-version":[{"id":863,"href":"https:\/\/sos-childabduction.eu\/wp-json\/wp\/v2\/pages\/351\/revisions\/863"}],"wp:featuredmedia":[{"embeddable":true,"href":"https:\/\/sos-childabduction.eu\/wp-json\/wp\/v2\/media\/118"}],"wp:attachment":[{"href":"https:\/\/sos-childabduction.eu\/wp-json\/wp\/v2\/media?parent=351"}],"curies":[{"name":"wp","href":"https:\/\/api.w.org\/{rel}","templated":true}]}}