{"id":400,"date":"2017-10-16T11:16:02","date_gmt":"2017-10-16T11:16:02","guid":{"rendered":"http:\/\/sos-childabduction.eu\/?page_id=400"},"modified":"2022-01-12T09:32:47","modified_gmt":"2022-01-12T09:32:47","slug":"kontakt","status":"publish","type":"page","link":"https:\/\/sos-childabduction.eu\/de\/kontakt\/","title":{"rendered":"Kontakt"},"content":{"rendered":"\n<div class=\"wp-block-contact-form-7-contact-form-selector\"><div role=\"form\" class=\"wpcf7\" id=\"wpcf7-f902-o1\" lang=\"de-DE\" dir=\"ltr\">\n<div class=\"screen-reader-response\"><p role=\"status\" aria-live=\"polite\" aria-atomic=\"true\"><\/p> <ul><\/ul><\/div>\n<form action=\"\/de\/wp-json\/wp\/v2\/pages\/400#wpcf7-f902-o1\" method=\"post\" class=\"wpcf7-form init\" enctype=\"multipart\/form-data\" novalidate=\"novalidate\" data-status=\"init\">\n<div style=\"display: none;\">\n<input type=\"hidden\" name=\"_wpcf7\" value=\"902\" \/>\n<input type=\"hidden\" name=\"_wpcf7_version\" value=\"5.5.6\" \/>\n<input type=\"hidden\" name=\"_wpcf7_locale\" value=\"de_DE\" \/>\n<input type=\"hidden\" name=\"_wpcf7_unit_tag\" value=\"wpcf7-f902-o1\" \/>\n<input type=\"hidden\" name=\"_wpcf7_container_post\" value=\"0\" \/>\n<input type=\"hidden\" name=\"_wpcf7_posted_data_hash\" value=\"\" \/>\n<\/div>\n<p><label> <b> Jede Information kann das Leben eines Kindes retten! <\/b> <\/label><\/p>\n<p><label> <i> Die Angabe Ihrer pers\u00f6nlichen Daten ist freiwillig. <\/i> <\/label><\/p>\n<p><label> Dein Name (kein Pflichtfeld)<br \/>\n   <span class=\"wpcf7-form-control-wrap your-name\"><input type=\"text\" name=\"your-name\" value=\"\" size=\"40\" class=\"wpcf7-form-control wpcf7-text\" aria-invalid=\"false\" \/><\/span> <\/label><\/p>\n<p><label> Deine E-Mail-Adresse (kein Pflichtfeld)<br \/>\n   <span class=\"wpcf7-form-control-wrap your-email\"><input type=\"email\" name=\"your-email\" value=\"\" size=\"40\" class=\"wpcf7-form-control wpcf7-text wpcf7-email wpcf7-validates-as-email\" aria-invalid=\"false\" \/><\/span> <\/label><\/p>\n<p><label> Betreff (kein Pflichtfeld)<br \/>\n   <span class=\"wpcf7-form-control-wrap your-subject\"><input type=\"text\" name=\"your-subject\" value=\"\" size=\"40\" class=\"wpcf7-form-control wpcf7-text\" aria-invalid=\"false\" \/><\/span> <\/label><\/p>\n<p><label> Deine Nachricht<br \/>\n   <span class=\"wpcf7-form-control-wrap your-message\"><textarea name=\"your-message\" cols=\"40\" rows=\"10\" class=\"wpcf7-form-control wpcf7-textarea\" aria-invalid=\"false\"><\/textarea><\/span> <\/label><\/p>\n<p><label> Zus\u00e4tzliche Dateien (optional)   <span class=\"wpcf7-form-control-wrap file-289\"><input type=\"file\" name=\"file-289\" size=\"40\" class=\"wpcf7-form-control wpcf7-file\" accept=\".jpg,.jpeg,.png,.gif,.pdf,.doc,.docx,.ppt,.pptx,.odt,.avi,.ogg,.m4a,.mov,.mp3,.mp4,.mpg,.wav,.wmv\" aria-invalid=\"false\" \/><\/span> <\/label><\/p>\n<p><input type=\"submit\" value=\"Abschicken\" class=\"wpcf7-form-control has-spinner wpcf7-submit\" \/><\/p>\n<p><span id=\"wpcf7-69d4251fd7aad-wrapper\" class=\"wpcf7-form-control-wrap honeypot-89-wrap\" style=\"display:none !important; visibility:hidden !important;\"><input type=\"hidden\" name=\"honeypot-89-time-start\" value=\"1775510815\"><input type=\"hidden\" name=\"honeypot-89-time-check\" value=\"12\"><label for=\"wpcf7-69d4251fd7aad-field\" class=\"hp-message\">Bitte lasse dieses Feld leer.<\/label><input id=\"wpcf7-69d4251fd7aad-field\"  class=\"wpcf7-form-control wpcf7-text\" type=\"text\" name=\"honeypot-89\" value=\"\" size=\"40\" tabindex=\"-1\" autocomplete=\"new-password\" \/><\/span><\/p>\n<p style=\"display: none !important;\"><label>&#916;<textarea name=\"_wpcf7_ak_hp_textarea\" cols=\"45\" rows=\"8\" maxlength=\"100\"><\/textarea><\/label><input type=\"hidden\" id=\"ak_js_1\" name=\"_wpcf7_ak_js\" value=\"180\"\/><script>document.getElementById( \"ak_js_1\" ).setAttribute( \"value\", ( new Date() ).getTime() );<\/script><\/p><div class=\"wpcf7-response-output\" aria-hidden=\"true\"><\/div><\/form><\/div><\/div>\n\n\n\n<p><style type=\"text\/css\"> #mc_embed_signup{background:#fff; clear:left; font:14px Helvetica,Arial,sans-serif; }&lt;br \/> \/* Add your own MailChimp form style overrides in your site stylesheet or in this style block.&lt;br \/>    We recommend moving this block and the preceding CSS link to the HEAD of your HTML file. *\/&lt;br \/> <\/style><\/p>\n\n\n\n<p><\/p>\n\n\n\n<p><\/p>\n\n\n\n<br>\n<br>\n<br>\n\n\n\n<p><\/p>\n\n\n\n<p><\/p>\n\n\n\n<p><br><\/p>\n\n\n\n<div id=\"mc_embed_signup\"><form id=\"mc-embedded-subscribe-form\" class=\"validate\" action=\"https:\/\/sos-childabduction.us17.list-manage.com\/subscribe\/post?u=5f507fbe0ca5c40ea315e6073&amp;id=6867d022a3\" method=\"post\" name=\"mc-embedded-subscribe-form\" novalidate=\"\" target=\"_blank\">\n<div id=\"mc_embed_signup_scroll\">\n<h2 style=\"text-align: center;\">Melde Dich f\u00fcr unseren Newsletter an:<\/h2>\n<div class=\"indicates-required\" style=\"text-align: right;\"><span class=\"asterisk\">*<\/span> Angabe notwendig<\/div>\n<div class=\"mc-field-group\" style=\"text-align: center;\"><label for=\"mce-EMAIL\">Email Adresse <span class=\"asterisk\">*<\/span><br><\/label><input id=\"mce-EMAIL\" class=\"required email\" name=\"EMAIL\" type=\"email\" value=\"\"><\/div>\n<div class=\"mc-field-group\" style=\"text-align: center;\"><label for=\"mce-FNAME\">Vorname <\/label><br><input id=\"mce-FNAME\" class=\"\" name=\"FNAME\" type=\"text\" value=\"\"><\/div>\n<div class=\"mc-field-group\" style=\"text-align: center;\"><label for=\"mce-LNAME\">Name <\/label><br><input id=\"mce-LNAME\" class=\"\" name=\"LNAME\" type=\"text\" value=\"\"><\/div>\n<div>&nbsp;<\/div>\n<div class=\"mc-field-group size1of2\" style=\"text-align: center;\"><label for=\"mce-BIRTHDAY-month\">Geburtstag <\/label>\n<div class=\"datefield\"><span class=\"subfield dayfield\"><input id=\"mce-BIRTHDAY-day\" class=\"birthday \" maxlength=\"2\" name=\"BIRTHDAY[day]\" pattern=\"[0-9]*\" size=\"2\" type=\"text\" value=\"\" placeholder=\"TT\"><\/span> \/&nbsp;<span class=\"subfield monthfield\"><input id=\"mce-BIRTHDAY-month\" class=\"birthday \" maxlength=\"2\" name=\"BIRTHDAY[month]\" pattern=\"[0-9]*\" size=\"2\" type=\"text\" value=\"\" placeholder=\"MM\"><\/span><br><span class=\"small-meta nowrap\">( Tag \/ Monat &#8211; bitte geben Sie zweistellige Zahlen ein, z.B. 03\/05 als den dritten Mai )<\/span><\/div>\n<\/div>\n<br>\n<div class=\"mc-field-group input-group\" style=\"text-align: center;\">\n<p><strong>M\u00f6chtest Du aktiv mitmachen? <\/strong><\/p>\n<p><input id=\"mce-group[5245]-5245-0\" name=\"group[5245][1]\" type=\"checkbox\" value=\"1\"><label for=\"mce-group[5245]-5245-0\">Ich m\u00f6chte Vollmitglied des Vereins werden und Hilfe erhalten.<\/label><\/p>\n<p><input id=\"mce-group[5245]-5245-1\" name=\"group[5245][2]\" type=\"checkbox\" value=\"2\"><label for=\"mce-group[5245]-5245-1\">Ich m\u00f6chte unterst\u00fctzendes Mitglied werden.<\/label><\/p>\n<\/div>\n<div id=\"mce-responses\" class=\"clear\" style=\"text-align: center;\">&nbsp;<\/div>\n<p style=\"text-align: center;\"><!-- real people should not fill this in and expect good things - do not remove this or risk form bot signups--><\/p>\n<div style=\"position: absolute; left: -5000px; text-align: center;\" aria-hidden=\"true\"><input tabindex=\"-1\" name=\"b_5f507fbe0ca5c40ea315e6073_6867d022a3\" type=\"text\" value=\"\"><\/div>\n<div class=\"clear\" style=\"text-align: center;\"><input id=\"mc-embedded-subscribe\" class=\"button\" name=\"subscribe\" type=\"submit\" value=\"F\u00fcr Newsletter anmelden\"><\/div>\n<\/div>\n<\/form><\/div>\n","protected":false},"excerpt":{"rendered":"<p>Melde Dich f\u00fcr unseren Newsletter an: * Angabe notwendig Email Adresse * Vorname Name &nbsp; Geburtstag \/&nbsp;( Tag \/ Monat &#8211; bitte geben Sie zweistellige Zahlen ein, z.B. 03\/05 als den dritten Mai ) M\u00f6chtest Du aktiv mitmachen? Ich m\u00f6chte Vollmitglied des Vereins werden und Hilfe erhalten. Ich m\u00f6chte unterst\u00fctzendes Mitglied werden. &nbsp;<\/p>\n","protected":false},"author":1,"featured_media":0,"parent":0,"menu_order":0,"comment_status":"closed","ping_status":"closed","template":"","meta":{"_locale":"de_DE","_original_post":"80"},"yoast_head":"<!-- This site is optimized with the Yoast SEO plugin v18.6 - https:\/\/yoast.com\/wordpress\/plugins\/seo\/ -->\n<title>Kontakt - SOS Child Abduction<\/title>\n<meta name=\"robots\" content=\"index, follow, max-snippet:-1, max-image-preview:large, max-video-preview:-1\" \/>\n<link rel=\"canonical\" href=\"https:\/\/sos-childabduction.eu\/kontakt\/\" \/>\n<meta property=\"og:locale\" content=\"de_DE\" \/>\n<meta property=\"og:type\" content=\"article\" \/>\n<meta property=\"og:title\" content=\"Kontakt - SOS Child Abduction\" \/>\n<meta property=\"og:description\" content=\"Melde Dich f\u00fcr unseren Newsletter an: * Angabe notwendig Email Adresse * Vorname Name &nbsp; Geburtstag \/&nbsp;( Tag \/ Monat &#8211; bitte geben Sie zweistellige Zahlen ein, z.B. 03\/05 als den dritten Mai ) M\u00f6chtest Du aktiv mitmachen? Ich m\u00f6chte Vollmitglied des Vereins werden und Hilfe erhalten. Ich m\u00f6chte unterst\u00fctzendes Mitglied werden. &nbsp;\" \/>\n<meta property=\"og:url\" content=\"https:\/\/sos-childabduction.eu\/kontakt\/\" \/>\n<meta property=\"og:site_name\" content=\"SOS Child Abduction\" \/>\n<meta property=\"article:modified_time\" content=\"2022-01-12T09:32:47+00:00\" \/>\n<meta name=\"twitter:card\" content=\"summary\" \/>\n<meta name=\"twitter:label1\" content=\"Gesch\u00e4tzte Lesezeit\" \/>\n\t<meta name=\"twitter:data1\" content=\"1\u00a0Minute\" \/>\n<script type=\"application\/ld+json\" class=\"yoast-schema-graph\">{\"@context\":\"https:\/\/schema.org\",\"@graph\":[{\"@type\":\"WebSite\",\"@id\":\"https:\/\/sos-childabduction.eu\/#website\",\"url\":\"https:\/\/sos-childabduction.eu\/\",\"name\":\"SOS Child Abduction\",\"description\":\"The European Organization for the Rescue of Abducted Children\",\"potentialAction\":[{\"@type\":\"SearchAction\",\"target\":{\"@type\":\"EntryPoint\",\"urlTemplate\":\"https:\/\/sos-childabduction.eu\/?s={search_term_string}\"},\"query-input\":\"required name=search_term_string\"}],\"inLanguage\":\"de\"},{\"@type\":\"WebPage\",\"@id\":\"https:\/\/sos-childabduction.eu\/kontakt\/#webpage\",\"url\":\"https:\/\/sos-childabduction.eu\/kontakt\/\",\"name\":\"Kontakt - SOS Child Abduction\",\"isPartOf\":{\"@id\":\"https:\/\/sos-childabduction.eu\/#website\"},\"datePublished\":\"2017-10-16T11:16:02+00:00\",\"dateModified\":\"2022-01-12T09:32:47+00:00\",\"breadcrumb\":{\"@id\":\"https:\/\/sos-childabduction.eu\/kontakt\/#breadcrumb\"},\"inLanguage\":\"de\",\"potentialAction\":[{\"@type\":\"ReadAction\",\"target\":[\"https:\/\/sos-childabduction.eu\/kontakt\/\"]}]},{\"@type\":\"BreadcrumbList\",\"@id\":\"https:\/\/sos-childabduction.eu\/kontakt\/#breadcrumb\",\"itemListElement\":[{\"@type\":\"ListItem\",\"position\":1,\"name\":\"Home\",\"item\":\"https:\/\/sos-childabduction.eu\/\"},{\"@type\":\"ListItem\",\"position\":2,\"name\":\"Kontakt\"}]}]}<\/script>\n<!-- \/ Yoast SEO plugin. -->","yoast_head_json":{"title":"Kontakt - SOS Child Abduction","robots":{"index":"index","follow":"follow","max-snippet":"max-snippet:-1","max-image-preview":"max-image-preview:large","max-video-preview":"max-video-preview:-1"},"canonical":"https:\/\/sos-childabduction.eu\/kontakt\/","og_locale":"de_DE","og_type":"article","og_title":"Kontakt - SOS Child Abduction","og_description":"Melde Dich f\u00fcr unseren Newsletter an: * Angabe notwendig Email Adresse * Vorname Name &nbsp; Geburtstag \/&nbsp;( Tag \/ Monat &#8211; bitte geben Sie zweistellige Zahlen ein, z.B. 03\/05 als den dritten Mai ) M\u00f6chtest Du aktiv mitmachen? Ich m\u00f6chte Vollmitglied des Vereins werden und Hilfe erhalten. Ich m\u00f6chte unterst\u00fctzendes Mitglied werden. &nbsp;","og_url":"https:\/\/sos-childabduction.eu\/kontakt\/","og_site_name":"SOS Child Abduction","article_modified_time":"2022-01-12T09:32:47+00:00","twitter_card":"summary","twitter_misc":{"Gesch\u00e4tzte Lesezeit":"1\u00a0Minute"},"schema":{"@context":"https:\/\/schema.org","@graph":[{"@type":"WebSite","@id":"https:\/\/sos-childabduction.eu\/#website","url":"https:\/\/sos-childabduction.eu\/","name":"SOS Child Abduction","description":"The European Organization for the Rescue of Abducted Children","potentialAction":[{"@type":"SearchAction","target":{"@type":"EntryPoint","urlTemplate":"https:\/\/sos-childabduction.eu\/?s={search_term_string}"},"query-input":"required name=search_term_string"}],"inLanguage":"de"},{"@type":"WebPage","@id":"https:\/\/sos-childabduction.eu\/kontakt\/#webpage","url":"https:\/\/sos-childabduction.eu\/kontakt\/","name":"Kontakt - SOS Child Abduction","isPartOf":{"@id":"https:\/\/sos-childabduction.eu\/#website"},"datePublished":"2017-10-16T11:16:02+00:00","dateModified":"2022-01-12T09:32:47+00:00","breadcrumb":{"@id":"https:\/\/sos-childabduction.eu\/kontakt\/#breadcrumb"},"inLanguage":"de","potentialAction":[{"@type":"ReadAction","target":["https:\/\/sos-childabduction.eu\/kontakt\/"]}]},{"@type":"BreadcrumbList","@id":"https:\/\/sos-childabduction.eu\/kontakt\/#breadcrumb","itemListElement":[{"@type":"ListItem","position":1,"name":"Home","item":"https:\/\/sos-childabduction.eu\/"},{"@type":"ListItem","position":2,"name":"Kontakt"}]}]}},"_links":{"self":[{"href":"https:\/\/sos-childabduction.eu\/wp-json\/wp\/v2\/pages\/400"}],"collection":[{"href":"https:\/\/sos-childabduction.eu\/wp-json\/wp\/v2\/pages"}],"about":[{"href":"https:\/\/sos-childabduction.eu\/wp-json\/wp\/v2\/types\/page"}],"author":[{"embeddable":true,"href":"https:\/\/sos-childabduction.eu\/wp-json\/wp\/v2\/users\/1"}],"replies":[{"embeddable":true,"href":"https:\/\/sos-childabduction.eu\/wp-json\/wp\/v2\/comments?post=400"}],"version-history":[{"count":15,"href":"https:\/\/sos-childabduction.eu\/wp-json\/wp\/v2\/pages\/400\/revisions"}],"predecessor-version":[{"id":931,"href":"https:\/\/sos-childabduction.eu\/wp-json\/wp\/v2\/pages\/400\/revisions\/931"}],"wp:attachment":[{"href":"https:\/\/sos-childabduction.eu\/wp-json\/wp\/v2\/media?parent=400"}],"curies":[{"name":"wp","href":"https:\/\/api.w.org\/{rel}","templated":true}]}}