{"id":419,"date":"2017-10-17T10:54:48","date_gmt":"2017-10-17T10:54:48","guid":{"rendered":"http:\/\/sos-childabduction.eu\/?page_id=419"},"modified":"2018-03-09T12:07:04","modified_gmt":"2018-03-09T12:07:04","slug":"mitglied-werden","status":"publish","type":"page","link":"https:\/\/sos-childabduction.eu\/de\/mitglied-werden\/","title":{"rendered":"Mitglied werden"},"content":{"rendered":"<p><a class=\"mssg\" href=\"\/wp-content\/uploads\/2017\/10\/Mitgliedsantrag.pdf\">FORMULAR<\/a><\/p>\n<p><!-- Begin MailChimp Signup Form --><\/p>\n<style type=\"text\/css\">\n\t#mc_embed_signup{background:#fff; clear:left; font:14px Helvetica,Arial,sans-serif; }<br \/>\t\/* Add your own MailChimp form style overrides in your site stylesheet or in this style block.<br \/>\t   We recommend moving this block and the preceding CSS link to the HEAD of your HTML file. *\/<br \/><\/style>\n<div id=\"mc_embed_signup\">\n<form id=\"mc-embedded-subscribe-form\" class=\"validate\" action=\"https:\/\/sos-childabduction.us17.list-manage.com\/subscribe\/post?u=5f507fbe0ca5c40ea315e6073&amp;id=6867d022a3\" method=\"post\" name=\"mc-embedded-subscribe-form\" novalidate=\"\" target=\"_blank\">\n<div id=\"mc_embed_signup_scroll\">\n<h2>Melde Dich f\u00fcr unseren Newsletter an:<\/h2>\n<div class=\"indicates-required\" style=\"text-align: right;\"><span class=\"asterisk\">*<\/span> indicates required<\/div>\n<div class=\"mc-field-group\"><label for=\"mce-EMAIL\">Email Adresse <span class=\"asterisk\">*<\/span><br \/>\n<\/label><input id=\"mce-EMAIL\" class=\"required email\" name=\"EMAIL\" type=\"email\" value=\"\" \/><\/div>\n<div class=\"mc-field-group\"><label for=\"mce-FNAME\">Vorname <\/label><br \/>\n<input id=\"mce-FNAME\" class=\"\" name=\"FNAME\" type=\"text\" value=\"\" \/><\/div>\n<div class=\"mc-field-group\"><label for=\"mce-LNAME\">Name <\/label><br \/>\n<input id=\"mce-LNAME\" class=\"\" name=\"LNAME\" type=\"text\" value=\"\" \/><\/div>\n<div class=\"mc-field-group size1of2\">\n<p><label for=\"mce-BIRTHDAY-month\">Geburtstag <\/label><\/p>\n<div class=\"datefield\"><span class=\"subfield monthfield\"><input id=\"mce-BIRTHDAY-month\" class=\"birthday \" maxlength=\"2\" name=\"BIRTHDAY[month]\" pattern=\"[0-9]*\" size=\"2\" type=\"text\" value=\"\" placeholder=\"MM\" \/><\/span> \/\u00a0<span class=\"subfield dayfield\"><input id=\"mce-BIRTHDAY-day\" class=\"birthday \" maxlength=\"2\" name=\"BIRTHDAY[day]\" pattern=\"[0-9]*\" size=\"2\" type=\"text\" value=\"\" placeholder=\"DD\" \/><\/span><br \/>\n<span class=\"small-meta nowrap\">( mm \/ dd )<\/span><\/div>\n<\/div>\n<div class=\"mc-field-group\"><label for=\"mce-MMERGE4\">Anrede\/Titel <\/label><br \/>\n<input id=\"mce-MMERGE4\" class=\"\" name=\"MMERGE4\" type=\"text\" value=\"\" \/><\/div>\n<div class=\"mc-field-group input-group\">\n<p><strong>M\u00f6chtest Du aktiv mitmachen? <\/strong><\/p>\n<ul>\n<li><input id=\"mce-group[5245]-5245-0\" name=\"group[5245][1]\" type=\"checkbox\" value=\"1\" \/><label for=\"mce-group[5245]-5245-0\">Ich m\u00f6chte Vollmitglied des Vereins werden und Hilfe erhalten.<\/label><\/li>\n<li><input id=\"mce-group[5245]-5245-1\" name=\"group[5245][2]\" type=\"checkbox\" value=\"2\" \/><label for=\"mce-group[5245]-5245-1\">Ich m\u00f6chte unterst\u00fctzendes Mitglied werden.<\/label><\/li>\n<\/ul>\n<\/div>\n<div id=\"mce-responses\" class=\"clear\"><\/div>\n<p><!-- real people should not fill this in and expect good things - do not remove this or risk form bot signups--><\/p>\n<div style=\"position: absolute; left: -5000px;\" aria-hidden=\"true\"><input tabindex=\"-1\" name=\"b_5f507fbe0ca5c40ea315e6073_6867d022a3\" type=\"text\" value=\"\" \/><\/div>\n<div class=\"clear\"><input id=\"mc-embedded-subscribe\" class=\"button\" name=\"subscribe\" type=\"submit\" value=\"Anmelden\" \/><\/div>\n<\/div>\n<\/form>\n<\/div>\n<p><script type='text\/javascript' src='\/\/s3.amazonaws.com\/downloads.mailchimp.com\/js\/mc-validate.js'><\/script><script type='text\/javascript'>(function($) {window.fnames = new Array(); window.ftypes = new Array();fnames[0]='EMAIL';ftypes[0]='email';fnames[1]='FNAME';ftypes[1]='text';fnames[2]='LNAME';ftypes[2]='text';fnames[3]='BIRTHDAY';ftypes[3]='birthday';fnames[4]='MMERGE4';ftypes[4]='text'; \/*\n * Translated default messages for the $ validation plugin.\n * Locale: DE\n *\/\n$.extend($.validator.messages, {\n\trequired: \"Dieses Feld ist ein Pflichtfeld.\",\n\tmaxlength: $.validator.format(\"Geben Sie bitte maximal {0} Zeichen ein.\"),\n\tminlength: $.validator.format(\"Geben Sie bitte mindestens {0} Zeichen ein.\"),\n\trangelength: $.validator.format(\"Geben Sie bitte mindestens {0} und maximal {1} Zeichen ein.\"),\n\temail: \"Geben Sie bitte eine g\u00fcltige E-Mail Adresse ein.\",\n\turl: \"Geben Sie bitte eine g\u00fcltige URL ein.\",\n\tdate: \"Bitte geben Sie ein g\u00fcltiges Datum ein.\",\n\tnumber: \"Geben Sie bitte eine Nummer ein.\",\n\tdigits: \"Geben Sie bitte nur Ziffern ein.\",\n\tequalTo: \"Bitte denselben Wert wiederholen.\",\n\trange: $.validator.format(\"Geben Sie bitten einen Wert zwischen {0} und {1}.\"),\n\tmax: $.validator.format(\"Geben Sie bitte einen Wert kleiner oder gleich {0} ein.\"),\n\tmin: $.validator.format(\"Geben Sie bitte einen Wert gr\u00f6\u00dfer oder gleich {0} ein.\"),\n\tcreditcard: \"Geben Sie bitte ein g\u00fcltige Kreditkarten-Nummer ein.\"\n});}(jQuery));var $mcj = jQuery.noConflict(true);<\/script><br \/>\n<!--End mc_embed_signup--><\/p>\n","protected":false},"excerpt":{"rendered":"<p>FORMULAR Melde Dich f\u00fcr unseren Newsletter an: * indicates required Email Adresse * Vorname Name Geburtstag \/\u00a0 ( mm \/ dd ) Anrede\/Titel M\u00f6chtest Du aktiv mitmachen? Ich m\u00f6chte Vollmitglied des Vereins werden und Hilfe erhalten. Ich m\u00f6chte unterst\u00fctzendes Mitglied werden.<\/p>\n","protected":false},"author":1,"featured_media":0,"parent":0,"menu_order":0,"comment_status":"closed","ping_status":"closed","template":"","meta":{"_locale":"de_DE","_original_post":"417"},"yoast_head":"<!-- This site is optimized with the Yoast SEO plugin v18.6 - https:\/\/yoast.com\/wordpress\/plugins\/seo\/ -->\n<title>Mitglied werden - SOS Child Abduction<\/title>\n<meta name=\"robots\" content=\"index, follow, max-snippet:-1, max-image-preview:large, max-video-preview:-1\" \/>\n<link rel=\"canonical\" href=\"https:\/\/sos-childabduction.eu\/mitglied-werden\/\" \/>\n<meta property=\"og:locale\" content=\"de_DE\" \/>\n<meta property=\"og:type\" content=\"article\" \/>\n<meta property=\"og:title\" content=\"Mitglied werden - SOS Child Abduction\" \/>\n<meta property=\"og:description\" content=\"FORMULAR Melde Dich f\u00fcr unseren Newsletter an: * indicates required Email Adresse * Vorname Name Geburtstag \/\u00a0 ( mm \/ dd ) Anrede\/Titel M\u00f6chtest Du aktiv mitmachen? Ich m\u00f6chte Vollmitglied des Vereins werden und Hilfe erhalten. Ich m\u00f6chte unterst\u00fctzendes Mitglied werden.\" \/>\n<meta property=\"og:url\" content=\"https:\/\/sos-childabduction.eu\/mitglied-werden\/\" \/>\n<meta property=\"og:site_name\" content=\"SOS Child Abduction\" \/>\n<meta property=\"article:modified_time\" content=\"2018-03-09T12:07:04+00:00\" \/>\n<meta name=\"twitter:card\" content=\"summary\" \/>\n<script type=\"application\/ld+json\" class=\"yoast-schema-graph\">{\"@context\":\"https:\/\/schema.org\",\"@graph\":[{\"@type\":\"WebSite\",\"@id\":\"https:\/\/sos-childabduction.eu\/#website\",\"url\":\"https:\/\/sos-childabduction.eu\/\",\"name\":\"SOS Child Abduction\",\"description\":\"The European Organization for the Rescue of Abducted Children\",\"potentialAction\":[{\"@type\":\"SearchAction\",\"target\":{\"@type\":\"EntryPoint\",\"urlTemplate\":\"https:\/\/sos-childabduction.eu\/?s={search_term_string}\"},\"query-input\":\"required name=search_term_string\"}],\"inLanguage\":\"de\"},{\"@type\":\"WebPage\",\"@id\":\"https:\/\/sos-childabduction.eu\/mitglied-werden\/#webpage\",\"url\":\"https:\/\/sos-childabduction.eu\/mitglied-werden\/\",\"name\":\"Mitglied werden - SOS Child Abduction\",\"isPartOf\":{\"@id\":\"https:\/\/sos-childabduction.eu\/#website\"},\"datePublished\":\"2017-10-17T10:54:48+00:00\",\"dateModified\":\"2018-03-09T12:07:04+00:00\",\"breadcrumb\":{\"@id\":\"https:\/\/sos-childabduction.eu\/mitglied-werden\/#breadcrumb\"},\"inLanguage\":\"de\",\"potentialAction\":[{\"@type\":\"ReadAction\",\"target\":[\"https:\/\/sos-childabduction.eu\/mitglied-werden\/\"]}]},{\"@type\":\"BreadcrumbList\",\"@id\":\"https:\/\/sos-childabduction.eu\/mitglied-werden\/#breadcrumb\",\"itemListElement\":[{\"@type\":\"ListItem\",\"position\":1,\"name\":\"Home\",\"item\":\"https:\/\/sos-childabduction.eu\/\"},{\"@type\":\"ListItem\",\"position\":2,\"name\":\"Mitglied werden\"}]}]}<\/script>\n<!-- \/ Yoast SEO plugin. -->","yoast_head_json":{"title":"Mitglied werden - SOS Child Abduction","robots":{"index":"index","follow":"follow","max-snippet":"max-snippet:-1","max-image-preview":"max-image-preview:large","max-video-preview":"max-video-preview:-1"},"canonical":"https:\/\/sos-childabduction.eu\/mitglied-werden\/","og_locale":"de_DE","og_type":"article","og_title":"Mitglied werden - SOS Child Abduction","og_description":"FORMULAR Melde Dich f\u00fcr unseren Newsletter an: * indicates required Email Adresse * Vorname Name Geburtstag \/\u00a0 ( mm \/ dd ) Anrede\/Titel M\u00f6chtest Du aktiv mitmachen? Ich m\u00f6chte Vollmitglied des Vereins werden und Hilfe erhalten. Ich m\u00f6chte unterst\u00fctzendes Mitglied werden.","og_url":"https:\/\/sos-childabduction.eu\/mitglied-werden\/","og_site_name":"SOS Child Abduction","article_modified_time":"2018-03-09T12:07:04+00:00","twitter_card":"summary","schema":{"@context":"https:\/\/schema.org","@graph":[{"@type":"WebSite","@id":"https:\/\/sos-childabduction.eu\/#website","url":"https:\/\/sos-childabduction.eu\/","name":"SOS Child Abduction","description":"The European Organization for the Rescue of Abducted Children","potentialAction":[{"@type":"SearchAction","target":{"@type":"EntryPoint","urlTemplate":"https:\/\/sos-childabduction.eu\/?s={search_term_string}"},"query-input":"required name=search_term_string"}],"inLanguage":"de"},{"@type":"WebPage","@id":"https:\/\/sos-childabduction.eu\/mitglied-werden\/#webpage","url":"https:\/\/sos-childabduction.eu\/mitglied-werden\/","name":"Mitglied werden - SOS Child Abduction","isPartOf":{"@id":"https:\/\/sos-childabduction.eu\/#website"},"datePublished":"2017-10-17T10:54:48+00:00","dateModified":"2018-03-09T12:07:04+00:00","breadcrumb":{"@id":"https:\/\/sos-childabduction.eu\/mitglied-werden\/#breadcrumb"},"inLanguage":"de","potentialAction":[{"@type":"ReadAction","target":["https:\/\/sos-childabduction.eu\/mitglied-werden\/"]}]},{"@type":"BreadcrumbList","@id":"https:\/\/sos-childabduction.eu\/mitglied-werden\/#breadcrumb","itemListElement":[{"@type":"ListItem","position":1,"name":"Home","item":"https:\/\/sos-childabduction.eu\/"},{"@type":"ListItem","position":2,"name":"Mitglied werden"}]}]}},"_links":{"self":[{"href":"https:\/\/sos-childabduction.eu\/wp-json\/wp\/v2\/pages\/419"}],"collection":[{"href":"https:\/\/sos-childabduction.eu\/wp-json\/wp\/v2\/pages"}],"about":[{"href":"https:\/\/sos-childabduction.eu\/wp-json\/wp\/v2\/types\/page"}],"author":[{"embeddable":true,"href":"https:\/\/sos-childabduction.eu\/wp-json\/wp\/v2\/users\/1"}],"replies":[{"embeddable":true,"href":"https:\/\/sos-childabduction.eu\/wp-json\/wp\/v2\/comments?post=419"}],"version-history":[{"count":9,"href":"https:\/\/sos-childabduction.eu\/wp-json\/wp\/v2\/pages\/419\/revisions"}],"predecessor-version":[{"id":912,"href":"https:\/\/sos-childabduction.eu\/wp-json\/wp\/v2\/pages\/419\/revisions\/912"}],"wp:attachment":[{"href":"https:\/\/sos-childabduction.eu\/wp-json\/wp\/v2\/media?parent=419"}],"curies":[{"name":"wp","href":"https:\/\/api.w.org\/{rel}","templated":true}]}}