{"id":164,"date":"2017-10-12T09:58:12","date_gmt":"2017-10-12T09:58:12","guid":{"rendered":"http:\/\/sos-childabduction.eu\/?page_id=164"},"modified":"2017-11-26T22:05:46","modified_gmt":"2017-11-26T22:05:46","slug":"o-nas","status":"publish","type":"page","link":"https:\/\/sos-childabduction.eu\/pl\/o-nas\/","title":{"rendered":"O nas"},"content":{"rendered":"<h4>Kr\u00f3tko o dzia\u0142aniu naszej organizacji<\/h4>\n<p>&nbsp;<\/p>\n<h2><strong>Walczymy o dzieci uprowadzone za granic\u0119<\/strong><\/h2>\n<p>&nbsp;<\/p>\n<p>Rocznie liczba dzieci uprowadzonych przez jednego z rodzic\u00f3w stale wzrasta. Rodzic opuszczony, pozostaj\u0105cy w Niemczech, jest najcz\u0119\u015bciej bezradny, nawet pomimo istniej\u0105cych organizacji rz\u0105dowych, takich jak Federalne Ministerstwo Sprawiedliwo\u015bci, kt\u00f3re to zosta\u0142y g\u0142\u00f3wnie utworzone w celu zapobiegania mi\u0119dzynarodowym konfliktom odno\u015bnie odpowiedzialno\u015bci rodzicielskiej. Z tego wzgl\u0119du powsta\u0142a nasza organizacja SOS \u2013 Uprowadzenie Dziecka, by ofiary tego wyst\u0119pku mog\u0142y otrzyma\u0107 pomoc w uzyskaniu swoich praw. Nasi przedstawiciele i za\u0142o\u017cyciele s\u0105 do\u015bwiadczonymi w tym temacie osobami, kt\u00f3re same przesz\u0142y przez ten proces i kt\u00f3rzy pragn\u0105 pom\u00f3c z uwagi na brak konkretnego zainteresowania tym problemem ze strony rz\u0105dowej. Pomimo tego, \u017ce nasza organizacja dzia\u0142a dopiero od maja 2016 roku, mamy ju\u017c za sob\u0105 statystycznie wi\u0119kszy sukces w powrocie dzieci do domu, ni\u017c organizacje rz\u0105dowe. W wi\u0119kszo\u015bci przypadk\u00f3w uprowadzenie dzieci za granic\u0119 nast\u0119puje przez ich matki, dlatego najcz\u0119\u015bciej wspieramy poszkodowanych ojc\u00f3w. Jednak naszym celem jest pom\u00f3c ka\u017cdej osobie, kt\u00f3ra z tym problemem boryka si\u0119. Nie jeste\u015bmy wi\u0119c parti\u0105 wspieraj\u0105c\u0105 jedn\u0105 z p\u0142ci, a walczymy g\u0142\u00f3wnie w obronie dziecka, kt\u00f3re to dziecko w tym przypadku jest najbardziej pokrzywdzon\u0105 stron\u0105 tej zaistnia\u0142ej sytuacji.<\/p>\n<p>&nbsp;<\/p>\n<h2><strong>Uprowadzenie dzieci to przejaw przemocy wobec nich<\/strong><\/h2>\n<p>&nbsp;<\/p>\n<p>Nawet wynikaj\u0105ce ze statystyk o porwaniach rodzicielskich informacje o tym, \u017ce \u015brednio ka\u017cdego dnia uprowadzone jest jedno dziecko z Niemiec, sprawy te nigdy nie ujrza\u0142y \u015bwiat\u0142a dziennego w mediach publicznych. Informacje te najcz\u0119\u015bciej wyciszone biegiem czasu znikaj\u0105 z pola widzenia, a ten rodzaj przemocy wobec dzieci pomijany jest milczeniem. Dzieci te odci\u0119te od swoich przyjaci\u00f3\u0142 i przede wszystkim od innych cz\u0142onk\u00f3w rodziny przymusowo s\u0105 nara\u017cone na powa\u017cne szkody psychiczne, z kt\u00f3rymi nawet doros\u0142y cz\u0142owiek m\u00f3g\u0142by sobie nie poradzi\u0107. Tak samo, jak uprowadzone dzieci, tak i opuszczony rodzic, rodze\u0144stwo oraz dziadkowie cierpi\u0105 z powodu tego bezprawnego czynu, kt\u00f3ry to czyn najcz\u0119\u015bciej jest jeszcze obr\u00f3cony przeciwko pozostawionemu samemu sobie rodzicowi pokrzywdzonemu \u2013 nagle to jemu zarzucane s\u0105 dzia\u0142ania, kt\u00f3re mia\u0142yby \u015bwiadczy\u0107 o tym, \u017ce to jego zachowanie doprowadzi\u0142o do powstania zaistnia\u0142ej sytuacji. Z do\u015bwiadczenia mo\u017cemy jednak stwierdzi\u0107, \u017ce dzia\u0142ania takie nie mia\u0142y nigdy miejsca, a partykularny interes rodzica, kt\u00f3ry uprowadzi\u0142 dziecko, ma na celu tylko i wy\u0142\u0105cznie wyniszczenie pozostawionego rodzica wszystkimi dost\u0119pnymi \u015brodkami. Z tego powodu nie tylko aktywnie pragniemy pom\u00f3c poszkodowanym osobom, ale i tak\u017ce mamy na celu u\u015bwiadomienie spo\u0142ecze\u0144stwa o istniej\u0105cym problemie.<\/p>\n<p>&nbsp;<\/p>\n<h2><strong>Oferujemy szybk\u0105 i fachow\u0105 pomoc<\/strong><\/h2>\n<p>&nbsp;<\/p>\n<p>Z racji tego, \u017ce ju\u017c przy zaistnia\u0142ym uprowadzeniu dziecka za granic\u0119 liczy si\u0119 bezzw\u0142oczna reakcja, poszkodowanych prosimy o natychmiastowe skontaktowanie si\u0119 z nami. Nasze w\u0142asne do\u015bwiadczenia w przypadkach porwa\u0144 przez jednego z rodzic\u00f3w pomog\u0142y nam wypracowa\u0107 skuteczne metody, z kt\u00f3rych skorzystanie przez ofiar\u0119 mo\u017ce przynie\u015b\u0107 wymierne skutki. Wiemy, jakie kroki nale\u017cy niezw\u0142ocznie podj\u0105\u0107, by uprowadzone dzieci mo\u017cliwie najszybciej powr\u00f3ci\u0142y do domu, a tak\u017ce, by poszkodowany rodzic z czasem nie wpad\u0142 w pu\u0142apk\u0119, kt\u00f3ra potrafi doprowadzi\u0107 cz\u0142owieka do finansowej ruiny \u2013 pomo\u017cemy w zminimalizowaniu koszt\u00f3w zwi\u0105zanych z biurokracj\u0105 i korzystaniem z pomocy pe\u0142nomocnik\u00f3w. Cz\u0142onkowie naszej organizacji pos\u0142uguj\u0105 si\u0119 r\u00f3\u017cnymi j\u0119zykami obcymi i z tego wzgl\u0119du istnieje mo\u017cliwo\u015b\u0107 kompetentnej pomocy, a nawet zast\u0119pstwa w kraju, do kt\u00f3rego dziecko zosta\u0142o zabrane. Nasi cz\u0142onkowie znaj\u0105 struktury dzia\u0142ania organ\u00f3w wymiaru sprawiedliwo\u015bci i policji w poszczeg\u00f3lnych krajach. Dzia\u0142ania te najcz\u0119\u015bciej skorumpowane i przede wszystkim nastawione przez manipulowanie liter\u0105 prawa oraz nieprawdziwe oskar\u017cenia ze strony rodzica \u2013 porywacza, maj\u0105 na celu dezinformacj\u0105 wprowadzi\u0107 w stan zalegalizowania uprowadzenia dziecka. Z braku ch\u0119ci do inicjatywy przeciwko bezprawno\u015bci tego czynu, z braku zaanga\u017cowania w korzystanie z prawa mi\u0119dzynarodowego, w wi\u0119kszo\u015bci przypadk\u00f3w organ wymiaru sprawiedliwo\u015bci przekazuje w\u0142adz\u0119 rodzicielsk\u0105 rodzicowi, kt\u00f3ry uprowadzi\u0142 dziecko. Z tego powodu podj\u0119cie w\u0142a\u015bciwych dzia\u0142a\u0144 z do\u015bwiadczonym ukierunkowaniem krok\u00f3w dla profesjonalnych pe\u0142nomocnik\u00f3w jest jak najbardziej wymagane.<\/p>\n<p>&nbsp;<\/p>\n<h2><strong>Pomagamy ka\u017cdemu, kogo dotkn\u0105\u0142 ten problem<\/strong><\/h2>\n<p>&nbsp;<\/p>\n<p>Bez znaczenia, czy poszkodowany rodzic posiada wystarczaj\u0105ce \u015brodki finansowe &#8211; by jemu pom\u00f3c stajemy na wysoko\u015bci zadania. Nasze cele spe\u0142niamy za pomoc\u0105 sk\u0142adek w wi\u0119kszo\u015bci pochodz\u0105cych z w\u0142asnych przedsi\u0119wzi\u0119\u0107, jednak jeste\u015bmy te\u017c uzale\u017cnieni od darowizn i dotacji dla naszej organizacji. \u015arodki te wykorzystywane s\u0105 w sytuacjach kryzysowych do op\u0142acenia profesjonalnych pe\u0142nomocnik\u00f3w w krajach, do kt\u00f3rych zabrano dzieci. Z tego wzgl\u0119du jeste\u015bmy wdzi\u0119czni za ka\u017cd\u0105 sk\u0142adk\u0119, ka\u017cdy wk\u0142ad z zewn\u0105trz, gdzie nawet kilka znaczk\u00f3w pocztowych jest nam w stanie pom\u00f3c w wysy\u0142aniu korespondencji, jak\u0105 jeste\u015bmy zmuszeni wystosowa\u0107 cz\u0119sto w ogromnej ilo\u015bci.<\/p>\n","protected":false},"excerpt":{"rendered":"<p>Kr\u00f3tko o dzia\u0142aniu naszej organizacji &nbsp; Walczymy o dzieci uprowadzone za granic\u0119 &nbsp; Rocznie liczba dzieci uprowadzonych przez jednego z rodzic\u00f3w stale wzrasta. Rodzic opuszczony, pozostaj\u0105cy w Niemczech, jest najcz\u0119\u015bciej bezradny, nawet pomimo istniej\u0105cych organizacji rz\u0105dowych, takich jak Federalne Ministerstwo Sprawiedliwo\u015bci, kt\u00f3re to zosta\u0142y g\u0142\u00f3wnie utworzone w celu zapobiegania mi\u0119dzynarodowym konfliktom odno\u015bnie odpowiedzialno\u015bci rodzicielskiej. Z [&hellip;]<\/p>\n","protected":false},"author":1,"featured_media":0,"parent":0,"menu_order":0,"comment_status":"closed","ping_status":"closed","template":"","meta":{"_locale":"pl_PL","_original_post":"26"},"yoast_head":"<!-- This site is optimized with the Yoast SEO plugin v18.6 - https:\/\/yoast.com\/wordpress\/plugins\/seo\/ -->\n<title>O nas - SOS Child Abduction<\/title>\n<meta name=\"robots\" content=\"index, follow, max-snippet:-1, max-image-preview:large, max-video-preview:-1\" \/>\n<link rel=\"canonical\" href=\"https:\/\/sos-childabduction.eu\/pl\/o-nas\/\" \/>\n<meta property=\"og:locale\" content=\"pl_PL\" \/>\n<meta property=\"og:type\" content=\"article\" \/>\n<meta property=\"og:title\" content=\"O nas - SOS Child Abduction\" \/>\n<meta property=\"og:description\" content=\"Kr\u00f3tko o dzia\u0142aniu naszej organizacji &nbsp; Walczymy o dzieci uprowadzone za granic\u0119 &nbsp; Rocznie liczba dzieci uprowadzonych przez jednego z rodzic\u00f3w stale wzrasta. Rodzic opuszczony, pozostaj\u0105cy w Niemczech, jest najcz\u0119\u015bciej bezradny, nawet pomimo istniej\u0105cych organizacji rz\u0105dowych, takich jak Federalne Ministerstwo Sprawiedliwo\u015bci, kt\u00f3re to zosta\u0142y g\u0142\u00f3wnie utworzone w celu zapobiegania mi\u0119dzynarodowym konfliktom odno\u015bnie odpowiedzialno\u015bci rodzicielskiej. Z [&hellip;]\" \/>\n<meta property=\"og:url\" content=\"https:\/\/sos-childabduction.eu\/pl\/o-nas\/\" \/>\n<meta property=\"og:site_name\" content=\"SOS Child Abduction\" \/>\n<meta property=\"article:modified_time\" content=\"2017-11-26T22:05:46+00:00\" \/>\n<meta name=\"twitter:card\" content=\"summary\" \/>\n<meta name=\"twitter:label1\" content=\"Szacowany czas czytania\" \/>\n\t<meta name=\"twitter:data1\" content=\"4 minuty\" \/>\n<script type=\"application\/ld+json\" class=\"yoast-schema-graph\">{\"@context\":\"https:\/\/schema.org\",\"@graph\":[{\"@type\":\"WebSite\",\"@id\":\"https:\/\/sos-childabduction.eu\/#website\",\"url\":\"https:\/\/sos-childabduction.eu\/\",\"name\":\"SOS Child Abduction\",\"description\":\"The European Organization for the Rescue of Abducted Children\",\"potentialAction\":[{\"@type\":\"SearchAction\",\"target\":{\"@type\":\"EntryPoint\",\"urlTemplate\":\"https:\/\/sos-childabduction.eu\/?s={search_term_string}\"},\"query-input\":\"required name=search_term_string\"}],\"inLanguage\":\"pl-PL\"},{\"@type\":\"WebPage\",\"@id\":\"https:\/\/sos-childabduction.eu\/pl\/o-nas\/#webpage\",\"url\":\"https:\/\/sos-childabduction.eu\/pl\/o-nas\/\",\"name\":\"O nas - SOS Child Abduction\",\"isPartOf\":{\"@id\":\"https:\/\/sos-childabduction.eu\/#website\"},\"datePublished\":\"2017-10-12T09:58:12+00:00\",\"dateModified\":\"2017-11-26T22:05:46+00:00\",\"breadcrumb\":{\"@id\":\"https:\/\/sos-childabduction.eu\/pl\/o-nas\/#breadcrumb\"},\"inLanguage\":\"pl-PL\",\"potentialAction\":[{\"@type\":\"ReadAction\",\"target\":[\"https:\/\/sos-childabduction.eu\/pl\/o-nas\/\"]}]},{\"@type\":\"BreadcrumbList\",\"@id\":\"https:\/\/sos-childabduction.eu\/pl\/o-nas\/#breadcrumb\",\"itemListElement\":[{\"@type\":\"ListItem\",\"position\":1,\"name\":\"Home\",\"item\":\"https:\/\/sos-childabduction.eu\/\"},{\"@type\":\"ListItem\",\"position\":2,\"name\":\"O nas\"}]}]}<\/script>\n<!-- \/ Yoast SEO plugin. -->","yoast_head_json":{"title":"O nas - SOS Child Abduction","robots":{"index":"index","follow":"follow","max-snippet":"max-snippet:-1","max-image-preview":"max-image-preview:large","max-video-preview":"max-video-preview:-1"},"canonical":"https:\/\/sos-childabduction.eu\/pl\/o-nas\/","og_locale":"pl_PL","og_type":"article","og_title":"O nas - SOS Child Abduction","og_description":"Kr\u00f3tko o dzia\u0142aniu naszej organizacji &nbsp; Walczymy o dzieci uprowadzone za granic\u0119 &nbsp; Rocznie liczba dzieci uprowadzonych przez jednego z rodzic\u00f3w stale wzrasta. Rodzic opuszczony, pozostaj\u0105cy w Niemczech, jest najcz\u0119\u015bciej bezradny, nawet pomimo istniej\u0105cych organizacji rz\u0105dowych, takich jak Federalne Ministerstwo Sprawiedliwo\u015bci, kt\u00f3re to zosta\u0142y g\u0142\u00f3wnie utworzone w celu zapobiegania mi\u0119dzynarodowym konfliktom odno\u015bnie odpowiedzialno\u015bci rodzicielskiej. Z [&hellip;]","og_url":"https:\/\/sos-childabduction.eu\/pl\/o-nas\/","og_site_name":"SOS Child Abduction","article_modified_time":"2017-11-26T22:05:46+00:00","twitter_card":"summary","twitter_misc":{"Szacowany czas czytania":"4 minuty"},"schema":{"@context":"https:\/\/schema.org","@graph":[{"@type":"WebSite","@id":"https:\/\/sos-childabduction.eu\/#website","url":"https:\/\/sos-childabduction.eu\/","name":"SOS Child Abduction","description":"The European Organization for the Rescue of Abducted Children","potentialAction":[{"@type":"SearchAction","target":{"@type":"EntryPoint","urlTemplate":"https:\/\/sos-childabduction.eu\/?s={search_term_string}"},"query-input":"required name=search_term_string"}],"inLanguage":"pl-PL"},{"@type":"WebPage","@id":"https:\/\/sos-childabduction.eu\/pl\/o-nas\/#webpage","url":"https:\/\/sos-childabduction.eu\/pl\/o-nas\/","name":"O nas - SOS Child Abduction","isPartOf":{"@id":"https:\/\/sos-childabduction.eu\/#website"},"datePublished":"2017-10-12T09:58:12+00:00","dateModified":"2017-11-26T22:05:46+00:00","breadcrumb":{"@id":"https:\/\/sos-childabduction.eu\/pl\/o-nas\/#breadcrumb"},"inLanguage":"pl-PL","potentialAction":[{"@type":"ReadAction","target":["https:\/\/sos-childabduction.eu\/pl\/o-nas\/"]}]},{"@type":"BreadcrumbList","@id":"https:\/\/sos-childabduction.eu\/pl\/o-nas\/#breadcrumb","itemListElement":[{"@type":"ListItem","position":1,"name":"Home","item":"https:\/\/sos-childabduction.eu\/"},{"@type":"ListItem","position":2,"name":"O nas"}]}]}},"_links":{"self":[{"href":"https:\/\/sos-childabduction.eu\/wp-json\/wp\/v2\/pages\/164"}],"collection":[{"href":"https:\/\/sos-childabduction.eu\/wp-json\/wp\/v2\/pages"}],"about":[{"href":"https:\/\/sos-childabduction.eu\/wp-json\/wp\/v2\/types\/page"}],"author":[{"embeddable":true,"href":"https:\/\/sos-childabduction.eu\/wp-json\/wp\/v2\/users\/1"}],"replies":[{"embeddable":true,"href":"https:\/\/sos-childabduction.eu\/wp-json\/wp\/v2\/comments?post=164"}],"version-history":[{"count":3,"href":"https:\/\/sos-childabduction.eu\/wp-json\/wp\/v2\/pages\/164\/revisions"}],"predecessor-version":[{"id":642,"href":"https:\/\/sos-childabduction.eu\/wp-json\/wp\/v2\/pages\/164\/revisions\/642"}],"wp:attachment":[{"href":"https:\/\/sos-childabduction.eu\/wp-json\/wp\/v2\/media?parent=164"}],"curies":[{"name":"wp","href":"https:\/\/api.w.org\/{rel}","templated":true}]}}