{"id":195,"date":"2017-10-12T10:48:09","date_gmt":"2017-10-12T10:48:09","guid":{"rendered":"http:\/\/sos-childabduction.eu\/?page_id=195"},"modified":"2017-11-26T22:03:29","modified_gmt":"2017-11-26T22:03:29","slug":"cele-stowarzyszenia","status":"publish","type":"page","link":"https:\/\/sos-childabduction.eu\/pl\/cele-stowarzyszenia\/","title":{"rendered":"Cele stowarzyszenia"},"content":{"rendered":"<h2>I.<strong>Nasze cele<\/strong><\/h2>\n<h4><strong>\u00a01.\u00a0<\/strong><strong>Og\u00f3lne wytyczne<\/strong><\/h4>\n<p><strong>\u00a0<\/strong><\/p>\n<p>W czasach globalizacji i \u0142atwo\u015bci przemieszczania si\u0119 pomi\u0119dzy krajami, coraz cz\u0119\u015bciej powstaj\u0105 zwi\u0105zki ma\u0142\u017ce\u0144skie i partnerskie os\u00f3b mieszanych narodowo\u015bci. Z tego wzgl\u0119du ro\u015bnie te\u017c i liczba konflikt\u00f3w rodzinnych na poziomie mi\u0119dzynarodowym, kiedy nagle dochodzi do separacji, b\u0105d\u017a do rozwodu. Dzieci pochodz\u0105ce z takich zwi\u0105zk\u00f3w s\u0105 najcz\u0119\u015bciej w spos\u00f3b krzywdz\u0105cy wykorzystywane instrumentalnie \u2013 staj\u0105 si\u0119 ofiarami uprowadzenia, porwania rodzicielskiego. Rodzic, kt\u00f3ry uprowadzi\u0142 dziecko, najcz\u0119\u015bciej do kraju ojczystego, wykorzystuje na swoj\u0105 korzy\u015b\u0107 panuj\u0105c\u0105 tam sytuacj\u0119 prawn\u0105 i faktyczn\u0105, nie zwa\u017caj\u0105c na og\u00f3lnie poj\u0119te dobro dziecka. W dalszych krokach poprzez izolowanie dziecka, a tak\u017ce poprzez ci\u0105g\u0142e przemieszczanie si\u0119 z miejsca do miejsca w celu ukrycia dziecka, w szybkim tempie dziecko staje si\u0119 wr\u0119cz ofiar\u0105 straszliwej przemocy.<\/p>\n<p>&nbsp;<\/p>\n<p>W celu zapobiegania tym sytuacjom krzywdz\u0105cych dzieci, w roku 1980 wi\u0119kszo\u015b\u0107 narod\u00f3w z ca\u0142ego \u015bwiata przyst\u0105pi\u0142o w Hadze do ustalenia pomi\u0119dzy sob\u0105 tak zwanej Konwencji Haskiej o cywilnych aspektach uprowadzenia dziecka za granic\u0119. Cz\u0142onkowie tej konwencji zobowi\u0105zali si\u0119 do:<\/p>\n<p>&nbsp;<\/p>\n<ol>\n<li>Wydania &#8211; nakazania niezw\u0142ocznego powrotu dziecka uprowadzonego za granic\u0119,<\/li>\n<li>Zabezpieczenia \u2013 pozostawienia w stanie pierwotnym odpowiedzialno\u015bci rodzicielskiej,<\/li>\n<li>Przestrzegania og\u00f3lnie poj\u0119tego dobra dziecka.<\/li>\n<\/ol>\n<p>&nbsp;<\/p>\n<p>Rzeczywisto\u015b\u0107 jednak wygl\u0105da zupe\u0142nie inaczej, poniewa\u017c istniej\u0105 kraje, w kt\u00f3rych uprowadzone dziecko nagle znika z horyzontu i dla poszkodowanego rodzica jest niemo\u017cliwym jego odnalezienie.<\/p>\n<p>&nbsp;<\/p>\n<p>Z tego powodu nasza organizacja SOS Porwanie Dziecka d\u0105\u017cy do:<\/p>\n<p>&nbsp;<\/p>\n<ol>\n<li>Udzielenia wszelkich wskaz\u00f3wek i mo\u017cliwej pomocy poszkodowanemu rodzicowi w czasie uprowadzenia jego dziecka,<\/li>\n<li>Rozszerzania w tym temacie \u015bwiadomo\u015bci spo\u0142ecze\u0144stwa niemieckiego i og\u00f3\u0142u europejskiego,<\/li>\n<li>Zademonstrowania, kt\u00f3re posuni\u0119cia nale\u017cy zastosowa\u0107 na arenie krajowej, jak i mi\u0119dzynarodowej, by zachowane zosta\u0142o dobro uprowadzonego dziecka, jak i zabezpieczona zosta\u0142a osoba poszkodowana<\/li>\n<li>Powiadamiania w celu przypomnienia w\u0142a\u015bciwych organ\u00f3w niemieckich i europejskich o prawid\u0142owym stosowaniu takich um\u00f3w, jak powy\u017csza Konwencja Haska, Konwencja o prawach dziecka, czy o innych powi\u0105zanych przepisach.<\/li>\n<\/ol>\n<h4><strong>2. Obecne centrum uwagi<\/strong><\/h4>\n<p><strong>\u00a0<\/strong><\/p>\n<p>Z powodu wielu w tej chwili ci\u0119\u017ckich przypadk\u00f3w pochodz\u0105cych prosto z kr\u0119gu cz\u0142onk\u00f3w naszej organizacji, specjalizujemy si\u0119 w sprawach przy uprowadzeniach dzieci do kraj\u00f3w Europy wschodniej.<\/p>\n<p>Na ten czas kraje docelowe takie jak S\u0142owacja, Ukraina i Polska, w spos\u00f3b jawny wspieraj\u0105 porwania rodzicielskie przeci\u0105gaj\u0105c w czasie post\u0119powanie s\u0105dowe, cz\u0119sto wydaj\u0105c niezgodne z prawem zarz\u0105dzenia, opieraj\u0105c swoje decyzje o prawo krajowe, b\u0105d\u017a wykorzystuj\u0105 art. 13 powy\u017cszej Konwencji Haskiej w spos\u00f3b satysfakcjonuj\u0105cy dla rodzica, kt\u00f3ry uprowadzi\u0142 dziecko. Podsumowuj\u0105c, poprzez tamtejsze organy pa\u0144stwowe i s\u0105dy, zostaj\u0105 pogwa\u0142cone podstawowe prawa o odpowiedzialno\u015bci rodzicielskiej, og\u00f3lnie poj\u0119tego dobra dziecka, a tak\u017ce godno\u015b\u0107 rodzica poszkodowanego &#8211; cz\u0119sto obywatela innego pa\u0144stwa. Brak jest w tych krajach skutecznych procedur, kt\u00f3re by wspomaga\u0142y dzia\u0142anie powy\u017cszej Konwencji Haskiej w powrocie dziecka do domu.<\/p>\n<p>&nbsp;<\/p>\n<p>Promowana jest wi\u0119c typowa polityka, kt\u00f3ra ma na celu krok po kroku zalegalizowanie uprowadzenia dziecka w spos\u00f3b nast\u0119puj\u0105cy:<\/p>\n<p>&nbsp;<\/p>\n<ol>\n<li>nadmierne przeci\u0105ganie s\u0105dowego procesu o wydanie dziecka w czasie i w \u015brodkach<\/li>\n<li>przymusowe rozdzielenie dziecka od rodzica poszkodowanego, gdzie dla obojga wi\u0105\u017ce si\u0119 to z ogromnym cierpieniem, jednak ma na celu odizolowanie dziecka od wi\u0119zi nie tylko rodzinnych, ale r\u00f3wnie\u017c wi\u0119zi j\u0119zykowych i sentymentalnych z krajem pochodzenia<\/li>\n<li>ochrona rodzica porywaj\u0105cego dziecko przed skutkami karnymi i sankcjami \u2013 cz\u0119sto przy pomocy zatwierdzania fa\u0142szywych zezna\u0144 i oszczerstw tego rodzica<\/li>\n<li>powierzenie w\u0142adzy rodzicielskiej jedynie rodzicowi, kt\u00f3ry dokona\u0142 uprowadzenia dziecka<\/li>\n<li>manipulowanie post\u0119powaniem i wyrokami s\u0105dowymi z jawnym pogwa\u0142ceniem zasad post\u0119powania zapisanych w powy\u017cszej Konwencji Haskiej<\/li>\n<li>zakaz mo\u017cliwo\u015bci podr\u00f3\u017cy dziecka do kraju pochodzenia<\/li>\n<li>zastosowanie arbitralnych \u015brodk\u00f3w w celu dyskryminowania i odci\u0119cia poszkodowanego rodzica.<\/li>\n<\/ol>\n<p>&nbsp;<\/p>\n<p>&nbsp;<\/p>\n<p>Wsparcie dla poszkodowanego rodzica w tych krajach jest tylko i wy\u0142\u0105cznie wyj\u0105tkiem. R\u00f3wnie\u017c w\u0142a\u015bciwe niemieckie organy powi\u0105zane z tymi sprawami niewiele robi\u0105 w tych ci\u0119\u017ckich przypadkach systematycznego \u0142amania umowy z Konwencji Haskiej, pozostaj\u0105c bierne i pozostawiaj\u0105c poszkodowanego rodzica wraz z dzieckiem bezgranicznej samowoli organ\u00f3w pa\u0144stwowych kraju, do kt\u00f3rego dziecko zosta\u0142o uprowadzone. Skargi i za\u017calenia na takie post\u0119powania s\u0105 rutynowo blokowane, przeci\u0105gane, b\u0105d\u017a ca\u0142kiem ignorowane. Tutaj dobro dziecka nie odgrywa \u017cadnej szczeg\u00f3lnej roli.<\/p>\n","protected":false},"excerpt":{"rendered":"<p>I.Nasze cele \u00a01.\u00a0Og\u00f3lne wytyczne \u00a0 W czasach globalizacji i \u0142atwo\u015bci przemieszczania si\u0119 pomi\u0119dzy krajami, coraz cz\u0119\u015bciej powstaj\u0105 zwi\u0105zki ma\u0142\u017ce\u0144skie i partnerskie os\u00f3b mieszanych narodowo\u015bci. Z tego wzgl\u0119du ro\u015bnie te\u017c i liczba konflikt\u00f3w rodzinnych na poziomie mi\u0119dzynarodowym, kiedy nagle dochodzi do separacji, b\u0105d\u017a do rozwodu. Dzieci pochodz\u0105ce z takich zwi\u0105zk\u00f3w s\u0105 najcz\u0119\u015bciej w spos\u00f3b krzywdz\u0105cy wykorzystywane [&hellip;]<\/p>\n","protected":false},"author":1,"featured_media":0,"parent":0,"menu_order":0,"comment_status":"closed","ping_status":"closed","template":"","meta":{"_locale":"pl_PL","_original_post":"28"},"yoast_head":"<!-- This site is optimized with the Yoast SEO plugin v18.6 - https:\/\/yoast.com\/wordpress\/plugins\/seo\/ -->\n<title>Cele stowarzyszenia - SOS Child Abduction<\/title>\n<meta name=\"robots\" content=\"index, follow, max-snippet:-1, max-image-preview:large, max-video-preview:-1\" \/>\n<link rel=\"canonical\" href=\"https:\/\/sos-childabduction.eu\/pl\/cele-stowarzyszenia\/\" \/>\n<meta property=\"og:locale\" content=\"pl_PL\" \/>\n<meta property=\"og:type\" content=\"article\" \/>\n<meta property=\"og:title\" content=\"Cele stowarzyszenia - SOS Child Abduction\" \/>\n<meta property=\"og:description\" content=\"I.Nasze cele \u00a01.\u00a0Og\u00f3lne wytyczne \u00a0 W czasach globalizacji i \u0142atwo\u015bci przemieszczania si\u0119 pomi\u0119dzy krajami, coraz cz\u0119\u015bciej powstaj\u0105 zwi\u0105zki ma\u0142\u017ce\u0144skie i partnerskie os\u00f3b mieszanych narodowo\u015bci. Z tego wzgl\u0119du ro\u015bnie te\u017c i liczba konflikt\u00f3w rodzinnych na poziomie mi\u0119dzynarodowym, kiedy nagle dochodzi do separacji, b\u0105d\u017a do rozwodu. Dzieci pochodz\u0105ce z takich zwi\u0105zk\u00f3w s\u0105 najcz\u0119\u015bciej w spos\u00f3b krzywdz\u0105cy wykorzystywane [&hellip;]\" \/>\n<meta property=\"og:url\" content=\"https:\/\/sos-childabduction.eu\/pl\/cele-stowarzyszenia\/\" \/>\n<meta property=\"og:site_name\" content=\"SOS Child Abduction\" \/>\n<meta property=\"article:modified_time\" content=\"2017-11-26T22:03:29+00:00\" \/>\n<meta name=\"twitter:card\" content=\"summary\" \/>\n<meta name=\"twitter:label1\" content=\"Szacowany czas czytania\" \/>\n\t<meta name=\"twitter:data1\" content=\"4 minuty\" \/>\n<script type=\"application\/ld+json\" class=\"yoast-schema-graph\">{\"@context\":\"https:\/\/schema.org\",\"@graph\":[{\"@type\":\"WebSite\",\"@id\":\"https:\/\/sos-childabduction.eu\/#website\",\"url\":\"https:\/\/sos-childabduction.eu\/\",\"name\":\"SOS Child Abduction\",\"description\":\"The European Organization for the Rescue of Abducted Children\",\"potentialAction\":[{\"@type\":\"SearchAction\",\"target\":{\"@type\":\"EntryPoint\",\"urlTemplate\":\"https:\/\/sos-childabduction.eu\/?s={search_term_string}\"},\"query-input\":\"required name=search_term_string\"}],\"inLanguage\":\"pl-PL\"},{\"@type\":\"WebPage\",\"@id\":\"https:\/\/sos-childabduction.eu\/pl\/cele-stowarzyszenia\/#webpage\",\"url\":\"https:\/\/sos-childabduction.eu\/pl\/cele-stowarzyszenia\/\",\"name\":\"Cele stowarzyszenia - SOS Child Abduction\",\"isPartOf\":{\"@id\":\"https:\/\/sos-childabduction.eu\/#website\"},\"datePublished\":\"2017-10-12T10:48:09+00:00\",\"dateModified\":\"2017-11-26T22:03:29+00:00\",\"breadcrumb\":{\"@id\":\"https:\/\/sos-childabduction.eu\/pl\/cele-stowarzyszenia\/#breadcrumb\"},\"inLanguage\":\"pl-PL\",\"potentialAction\":[{\"@type\":\"ReadAction\",\"target\":[\"https:\/\/sos-childabduction.eu\/pl\/cele-stowarzyszenia\/\"]}]},{\"@type\":\"BreadcrumbList\",\"@id\":\"https:\/\/sos-childabduction.eu\/pl\/cele-stowarzyszenia\/#breadcrumb\",\"itemListElement\":[{\"@type\":\"ListItem\",\"position\":1,\"name\":\"Home\",\"item\":\"https:\/\/sos-childabduction.eu\/\"},{\"@type\":\"ListItem\",\"position\":2,\"name\":\"Cele stowarzyszenia\"}]}]}<\/script>\n<!-- \/ Yoast SEO plugin. -->","yoast_head_json":{"title":"Cele stowarzyszenia - SOS Child Abduction","robots":{"index":"index","follow":"follow","max-snippet":"max-snippet:-1","max-image-preview":"max-image-preview:large","max-video-preview":"max-video-preview:-1"},"canonical":"https:\/\/sos-childabduction.eu\/pl\/cele-stowarzyszenia\/","og_locale":"pl_PL","og_type":"article","og_title":"Cele stowarzyszenia - SOS Child Abduction","og_description":"I.Nasze cele \u00a01.\u00a0Og\u00f3lne wytyczne \u00a0 W czasach globalizacji i \u0142atwo\u015bci przemieszczania si\u0119 pomi\u0119dzy krajami, coraz cz\u0119\u015bciej powstaj\u0105 zwi\u0105zki ma\u0142\u017ce\u0144skie i partnerskie os\u00f3b mieszanych narodowo\u015bci. Z tego wzgl\u0119du ro\u015bnie te\u017c i liczba konflikt\u00f3w rodzinnych na poziomie mi\u0119dzynarodowym, kiedy nagle dochodzi do separacji, b\u0105d\u017a do rozwodu. Dzieci pochodz\u0105ce z takich zwi\u0105zk\u00f3w s\u0105 najcz\u0119\u015bciej w spos\u00f3b krzywdz\u0105cy wykorzystywane [&hellip;]","og_url":"https:\/\/sos-childabduction.eu\/pl\/cele-stowarzyszenia\/","og_site_name":"SOS Child Abduction","article_modified_time":"2017-11-26T22:03:29+00:00","twitter_card":"summary","twitter_misc":{"Szacowany czas czytania":"4 minuty"},"schema":{"@context":"https:\/\/schema.org","@graph":[{"@type":"WebSite","@id":"https:\/\/sos-childabduction.eu\/#website","url":"https:\/\/sos-childabduction.eu\/","name":"SOS Child Abduction","description":"The European Organization for the Rescue of Abducted Children","potentialAction":[{"@type":"SearchAction","target":{"@type":"EntryPoint","urlTemplate":"https:\/\/sos-childabduction.eu\/?s={search_term_string}"},"query-input":"required name=search_term_string"}],"inLanguage":"pl-PL"},{"@type":"WebPage","@id":"https:\/\/sos-childabduction.eu\/pl\/cele-stowarzyszenia\/#webpage","url":"https:\/\/sos-childabduction.eu\/pl\/cele-stowarzyszenia\/","name":"Cele stowarzyszenia - SOS Child Abduction","isPartOf":{"@id":"https:\/\/sos-childabduction.eu\/#website"},"datePublished":"2017-10-12T10:48:09+00:00","dateModified":"2017-11-26T22:03:29+00:00","breadcrumb":{"@id":"https:\/\/sos-childabduction.eu\/pl\/cele-stowarzyszenia\/#breadcrumb"},"inLanguage":"pl-PL","potentialAction":[{"@type":"ReadAction","target":["https:\/\/sos-childabduction.eu\/pl\/cele-stowarzyszenia\/"]}]},{"@type":"BreadcrumbList","@id":"https:\/\/sos-childabduction.eu\/pl\/cele-stowarzyszenia\/#breadcrumb","itemListElement":[{"@type":"ListItem","position":1,"name":"Home","item":"https:\/\/sos-childabduction.eu\/"},{"@type":"ListItem","position":2,"name":"Cele stowarzyszenia"}]}]}},"_links":{"self":[{"href":"https:\/\/sos-childabduction.eu\/wp-json\/wp\/v2\/pages\/195"}],"collection":[{"href":"https:\/\/sos-childabduction.eu\/wp-json\/wp\/v2\/pages"}],"about":[{"href":"https:\/\/sos-childabduction.eu\/wp-json\/wp\/v2\/types\/page"}],"author":[{"embeddable":true,"href":"https:\/\/sos-childabduction.eu\/wp-json\/wp\/v2\/users\/1"}],"replies":[{"embeddable":true,"href":"https:\/\/sos-childabduction.eu\/wp-json\/wp\/v2\/comments?post=195"}],"version-history":[{"count":4,"href":"https:\/\/sos-childabduction.eu\/wp-json\/wp\/v2\/pages\/195\/revisions"}],"predecessor-version":[{"id":640,"href":"https:\/\/sos-childabduction.eu\/wp-json\/wp\/v2\/pages\/195\/revisions\/640"}],"wp:attachment":[{"href":"https:\/\/sos-childabduction.eu\/wp-json\/wp\/v2\/media?parent=195"}],"curies":[{"name":"wp","href":"https:\/\/api.w.org\/{rel}","templated":true}]}}