{"id":205,"date":"2017-10-12T10:55:23","date_gmt":"2017-10-12T10:55:23","guid":{"rendered":"http:\/\/sos-childabduction.eu\/?page_id=205"},"modified":"2017-10-16T11:01:22","modified_gmt":"2017-10-16T11:01:22","slug":"odnalezione-dzieci","status":"publish","type":"page","link":"https:\/\/sos-childabduction.eu\/pl\/zaginione-dzieci\/odnalezione-dzieci\/","title":{"rendered":"Odnalezione dzieci"},"content":{"rendered":"<p>Poni\u017cej znajduj\u0105 si\u0119 zdj\u0119cia ju\u017c szcz\u0119\u015bliwych i ponownie po\u0142\u0105czonych rodzin.<\/p>\n","protected":false},"excerpt":{"rendered":"<p>Poni\u017cej znajduj\u0105 si\u0119 zdj\u0119cia ju\u017c szcz\u0119\u015bliwych i ponownie po\u0142\u0105czonych rodzin.<\/p>\n","protected":false},"author":1,"featured_media":0,"parent":181,"menu_order":0,"comment_status":"closed","ping_status":"closed","template":"found.php","meta":{"_locale":"pl_PL","_original_post":"202"},"yoast_head":"<!-- This site is optimized with the Yoast SEO plugin v18.6 - https:\/\/yoast.com\/wordpress\/plugins\/seo\/ -->\n<title>Odnalezione dzieci - SOS Child Abduction<\/title>\n<meta name=\"robots\" content=\"index, follow, max-snippet:-1, max-image-preview:large, max-video-preview:-1\" \/>\n<link rel=\"canonical\" href=\"https:\/\/sos-childabduction.eu\/pl\/zaginione-dzieci\/odnalezione-dzieci\/\" \/>\n<meta property=\"og:locale\" content=\"pl_PL\" \/>\n<meta property=\"og:type\" content=\"article\" \/>\n<meta property=\"og:title\" content=\"Odnalezione dzieci - SOS Child Abduction\" \/>\n<meta property=\"og:description\" content=\"Poni\u017cej znajduj\u0105 si\u0119 zdj\u0119cia ju\u017c szcz\u0119\u015bliwych i ponownie po\u0142\u0105czonych rodzin.\" \/>\n<meta property=\"og:url\" content=\"https:\/\/sos-childabduction.eu\/pl\/zaginione-dzieci\/odnalezione-dzieci\/\" \/>\n<meta property=\"og:site_name\" content=\"SOS Child Abduction\" \/>\n<meta property=\"article:modified_time\" content=\"2017-10-16T11:01:22+00:00\" \/>\n<meta name=\"twitter:card\" content=\"summary\" \/>\n<script type=\"application\/ld+json\" class=\"yoast-schema-graph\">{\"@context\":\"https:\/\/schema.org\",\"@graph\":[{\"@type\":\"WebSite\",\"@id\":\"https:\/\/sos-childabduction.eu\/#website\",\"url\":\"https:\/\/sos-childabduction.eu\/\",\"name\":\"SOS Child Abduction\",\"description\":\"The European Organization for the Rescue of Abducted Children\",\"potentialAction\":[{\"@type\":\"SearchAction\",\"target\":{\"@type\":\"EntryPoint\",\"urlTemplate\":\"https:\/\/sos-childabduction.eu\/?s={search_term_string}\"},\"query-input\":\"required name=search_term_string\"}],\"inLanguage\":\"pl-PL\"},{\"@type\":\"WebPage\",\"@id\":\"https:\/\/sos-childabduction.eu\/pl\/zaginione-dzieci\/odnalezione-dzieci\/#webpage\",\"url\":\"https:\/\/sos-childabduction.eu\/pl\/zaginione-dzieci\/odnalezione-dzieci\/\",\"name\":\"Odnalezione dzieci - SOS Child Abduction\",\"isPartOf\":{\"@id\":\"https:\/\/sos-childabduction.eu\/#website\"},\"datePublished\":\"2017-10-12T10:55:23+00:00\",\"dateModified\":\"2017-10-16T11:01:22+00:00\",\"breadcrumb\":{\"@id\":\"https:\/\/sos-childabduction.eu\/pl\/zaginione-dzieci\/odnalezione-dzieci\/#breadcrumb\"},\"inLanguage\":\"pl-PL\",\"potentialAction\":[{\"@type\":\"ReadAction\",\"target\":[\"https:\/\/sos-childabduction.eu\/pl\/zaginione-dzieci\/odnalezione-dzieci\/\"]}]},{\"@type\":\"BreadcrumbList\",\"@id\":\"https:\/\/sos-childabduction.eu\/pl\/zaginione-dzieci\/odnalezione-dzieci\/#breadcrumb\",\"itemListElement\":[{\"@type\":\"ListItem\",\"position\":1,\"name\":\"Home\",\"item\":\"https:\/\/sos-childabduction.eu\/\"},{\"@type\":\"ListItem\",\"position\":2,\"name\":\"Zaginione dzieci\",\"item\":\"https:\/\/sos-childabduction.eu\/pl\/zaginione-dzieci\/\"},{\"@type\":\"ListItem\",\"position\":3,\"name\":\"Odnalezione dzieci\"}]}]}<\/script>\n<!-- \/ Yoast SEO plugin. -->","yoast_head_json":{"title":"Odnalezione dzieci - SOS Child Abduction","robots":{"index":"index","follow":"follow","max-snippet":"max-snippet:-1","max-image-preview":"max-image-preview:large","max-video-preview":"max-video-preview:-1"},"canonical":"https:\/\/sos-childabduction.eu\/pl\/zaginione-dzieci\/odnalezione-dzieci\/","og_locale":"pl_PL","og_type":"article","og_title":"Odnalezione dzieci - SOS Child Abduction","og_description":"Poni\u017cej znajduj\u0105 si\u0119 zdj\u0119cia ju\u017c szcz\u0119\u015bliwych i ponownie po\u0142\u0105czonych rodzin.","og_url":"https:\/\/sos-childabduction.eu\/pl\/zaginione-dzieci\/odnalezione-dzieci\/","og_site_name":"SOS Child Abduction","article_modified_time":"2017-10-16T11:01:22+00:00","twitter_card":"summary","schema":{"@context":"https:\/\/schema.org","@graph":[{"@type":"WebSite","@id":"https:\/\/sos-childabduction.eu\/#website","url":"https:\/\/sos-childabduction.eu\/","name":"SOS Child Abduction","description":"The European Organization for the Rescue of Abducted Children","potentialAction":[{"@type":"SearchAction","target":{"@type":"EntryPoint","urlTemplate":"https:\/\/sos-childabduction.eu\/?s={search_term_string}"},"query-input":"required name=search_term_string"}],"inLanguage":"pl-PL"},{"@type":"WebPage","@id":"https:\/\/sos-childabduction.eu\/pl\/zaginione-dzieci\/odnalezione-dzieci\/#webpage","url":"https:\/\/sos-childabduction.eu\/pl\/zaginione-dzieci\/odnalezione-dzieci\/","name":"Odnalezione dzieci - SOS Child Abduction","isPartOf":{"@id":"https:\/\/sos-childabduction.eu\/#website"},"datePublished":"2017-10-12T10:55:23+00:00","dateModified":"2017-10-16T11:01:22+00:00","breadcrumb":{"@id":"https:\/\/sos-childabduction.eu\/pl\/zaginione-dzieci\/odnalezione-dzieci\/#breadcrumb"},"inLanguage":"pl-PL","potentialAction":[{"@type":"ReadAction","target":["https:\/\/sos-childabduction.eu\/pl\/zaginione-dzieci\/odnalezione-dzieci\/"]}]},{"@type":"BreadcrumbList","@id":"https:\/\/sos-childabduction.eu\/pl\/zaginione-dzieci\/odnalezione-dzieci\/#breadcrumb","itemListElement":[{"@type":"ListItem","position":1,"name":"Home","item":"https:\/\/sos-childabduction.eu\/"},{"@type":"ListItem","position":2,"name":"Zaginione dzieci","item":"https:\/\/sos-childabduction.eu\/pl\/zaginione-dzieci\/"},{"@type":"ListItem","position":3,"name":"Odnalezione dzieci"}]}]}},"_links":{"self":[{"href":"https:\/\/sos-childabduction.eu\/wp-json\/wp\/v2\/pages\/205"}],"collection":[{"href":"https:\/\/sos-childabduction.eu\/wp-json\/wp\/v2\/pages"}],"about":[{"href":"https:\/\/sos-childabduction.eu\/wp-json\/wp\/v2\/types\/page"}],"author":[{"embeddable":true,"href":"https:\/\/sos-childabduction.eu\/wp-json\/wp\/v2\/users\/1"}],"replies":[{"embeddable":true,"href":"https:\/\/sos-childabduction.eu\/wp-json\/wp\/v2\/comments?post=205"}],"version-history":[{"count":4,"href":"https:\/\/sos-childabduction.eu\/wp-json\/wp\/v2\/pages\/205\/revisions"}],"predecessor-version":[{"id":395,"href":"https:\/\/sos-childabduction.eu\/wp-json\/wp\/v2\/pages\/205\/revisions\/395"}],"up":[{"embeddable":true,"href":"https:\/\/sos-childabduction.eu\/wp-json\/wp\/v2\/pages\/181"}],"wp:attachment":[{"href":"https:\/\/sos-childabduction.eu\/wp-json\/wp\/v2\/media?parent=205"}],"curies":[{"name":"wp","href":"https:\/\/api.w.org\/{rel}","templated":true}]}}