{"id":211,"date":"2017-10-12T10:56:17","date_gmt":"2017-10-12T10:56:17","guid":{"rendered":"http:\/\/sos-childabduction.eu\/?page_id=211"},"modified":"2017-10-16T11:06:23","modified_gmt":"2017-10-16T11:06:23","slug":"poszukiwane-dzieci","status":"publish","type":"page","link":"https:\/\/sos-childabduction.eu\/pl\/zaginione-dzieci\/poszukiwane-dzieci\/","title":{"rendered":"Poszukiwane dzieci"},"content":{"rendered":"<p>Poni\u017cej znajduje si\u0119 lista zdj\u0119\u0107 dzieci, kt\u00f3rych aktualnie poszukuje nasza fundacja. Je\u017celi posiadaj\u0105 Pa\u0144stwo jakiekolwiek informacje dotycz\u0105ce kt\u00f3rego\u015b z nich, bardzo prosimy o informacje.<\/p>\n<p><a class=\"mssg\" href=\"\/kontakt\">WY\u015aLIJ WIADOMO\u015a\u0106<\/a><\/p>\n","protected":false},"excerpt":{"rendered":"<p>Poni\u017cej znajduje si\u0119 lista zdj\u0119\u0107 dzieci, kt\u00f3rych aktualnie poszukuje nasza fundacja. Je\u017celi posiadaj\u0105 Pa\u0144stwo jakiekolwiek informacje dotycz\u0105ce kt\u00f3rego\u015b z nich, bardzo prosimy o informacje. WY\u015aLIJ WIADOMO\u015a\u0106<\/p>\n","protected":false},"author":1,"featured_media":0,"parent":181,"menu_order":0,"comment_status":"closed","ping_status":"closed","template":"lost.php","meta":{"_locale":"pl_PL","_original_post":"208"},"yoast_head":"<!-- This site is optimized with the Yoast SEO plugin v18.6 - https:\/\/yoast.com\/wordpress\/plugins\/seo\/ -->\n<title>Poszukiwane dzieci - SOS Child Abduction<\/title>\n<meta name=\"robots\" content=\"index, follow, max-snippet:-1, max-image-preview:large, max-video-preview:-1\" \/>\n<link rel=\"canonical\" href=\"https:\/\/sos-childabduction.eu\/pl\/zaginione-dzieci\/poszukiwane-dzieci\/\" \/>\n<meta property=\"og:locale\" content=\"pl_PL\" \/>\n<meta property=\"og:type\" content=\"article\" \/>\n<meta property=\"og:title\" content=\"Poszukiwane dzieci - SOS Child Abduction\" \/>\n<meta property=\"og:description\" content=\"Poni\u017cej znajduje si\u0119 lista zdj\u0119\u0107 dzieci, kt\u00f3rych aktualnie poszukuje nasza fundacja. Je\u017celi posiadaj\u0105 Pa\u0144stwo jakiekolwiek informacje dotycz\u0105ce kt\u00f3rego\u015b z nich, bardzo prosimy o informacje. WY\u015aLIJ WIADOMO\u015a\u0106\" \/>\n<meta property=\"og:url\" content=\"https:\/\/sos-childabduction.eu\/pl\/zaginione-dzieci\/poszukiwane-dzieci\/\" \/>\n<meta property=\"og:site_name\" content=\"SOS Child Abduction\" \/>\n<meta property=\"article:modified_time\" content=\"2017-10-16T11:06:23+00:00\" \/>\n<meta name=\"twitter:card\" content=\"summary\" \/>\n<script type=\"application\/ld+json\" class=\"yoast-schema-graph\">{\"@context\":\"https:\/\/schema.org\",\"@graph\":[{\"@type\":\"WebSite\",\"@id\":\"https:\/\/sos-childabduction.eu\/#website\",\"url\":\"https:\/\/sos-childabduction.eu\/\",\"name\":\"SOS Child Abduction\",\"description\":\"The European Organization for the Rescue of Abducted Children\",\"potentialAction\":[{\"@type\":\"SearchAction\",\"target\":{\"@type\":\"EntryPoint\",\"urlTemplate\":\"https:\/\/sos-childabduction.eu\/?s={search_term_string}\"},\"query-input\":\"required name=search_term_string\"}],\"inLanguage\":\"pl-PL\"},{\"@type\":\"WebPage\",\"@id\":\"https:\/\/sos-childabduction.eu\/pl\/zaginione-dzieci\/poszukiwane-dzieci\/#webpage\",\"url\":\"https:\/\/sos-childabduction.eu\/pl\/zaginione-dzieci\/poszukiwane-dzieci\/\",\"name\":\"Poszukiwane dzieci - SOS Child Abduction\",\"isPartOf\":{\"@id\":\"https:\/\/sos-childabduction.eu\/#website\"},\"datePublished\":\"2017-10-12T10:56:17+00:00\",\"dateModified\":\"2017-10-16T11:06:23+00:00\",\"breadcrumb\":{\"@id\":\"https:\/\/sos-childabduction.eu\/pl\/zaginione-dzieci\/poszukiwane-dzieci\/#breadcrumb\"},\"inLanguage\":\"pl-PL\",\"potentialAction\":[{\"@type\":\"ReadAction\",\"target\":[\"https:\/\/sos-childabduction.eu\/pl\/zaginione-dzieci\/poszukiwane-dzieci\/\"]}]},{\"@type\":\"BreadcrumbList\",\"@id\":\"https:\/\/sos-childabduction.eu\/pl\/zaginione-dzieci\/poszukiwane-dzieci\/#breadcrumb\",\"itemListElement\":[{\"@type\":\"ListItem\",\"position\":1,\"name\":\"Home\",\"item\":\"https:\/\/sos-childabduction.eu\/\"},{\"@type\":\"ListItem\",\"position\":2,\"name\":\"Zaginione dzieci\",\"item\":\"https:\/\/sos-childabduction.eu\/pl\/zaginione-dzieci\/\"},{\"@type\":\"ListItem\",\"position\":3,\"name\":\"Poszukiwane dzieci\"}]}]}<\/script>\n<!-- \/ Yoast SEO plugin. -->","yoast_head_json":{"title":"Poszukiwane dzieci - SOS Child Abduction","robots":{"index":"index","follow":"follow","max-snippet":"max-snippet:-1","max-image-preview":"max-image-preview:large","max-video-preview":"max-video-preview:-1"},"canonical":"https:\/\/sos-childabduction.eu\/pl\/zaginione-dzieci\/poszukiwane-dzieci\/","og_locale":"pl_PL","og_type":"article","og_title":"Poszukiwane dzieci - SOS Child Abduction","og_description":"Poni\u017cej znajduje si\u0119 lista zdj\u0119\u0107 dzieci, kt\u00f3rych aktualnie poszukuje nasza fundacja. Je\u017celi posiadaj\u0105 Pa\u0144stwo jakiekolwiek informacje dotycz\u0105ce kt\u00f3rego\u015b z nich, bardzo prosimy o informacje. WY\u015aLIJ WIADOMO\u015a\u0106","og_url":"https:\/\/sos-childabduction.eu\/pl\/zaginione-dzieci\/poszukiwane-dzieci\/","og_site_name":"SOS Child Abduction","article_modified_time":"2017-10-16T11:06:23+00:00","twitter_card":"summary","schema":{"@context":"https:\/\/schema.org","@graph":[{"@type":"WebSite","@id":"https:\/\/sos-childabduction.eu\/#website","url":"https:\/\/sos-childabduction.eu\/","name":"SOS Child Abduction","description":"The European Organization for the Rescue of Abducted Children","potentialAction":[{"@type":"SearchAction","target":{"@type":"EntryPoint","urlTemplate":"https:\/\/sos-childabduction.eu\/?s={search_term_string}"},"query-input":"required name=search_term_string"}],"inLanguage":"pl-PL"},{"@type":"WebPage","@id":"https:\/\/sos-childabduction.eu\/pl\/zaginione-dzieci\/poszukiwane-dzieci\/#webpage","url":"https:\/\/sos-childabduction.eu\/pl\/zaginione-dzieci\/poszukiwane-dzieci\/","name":"Poszukiwane dzieci - SOS Child Abduction","isPartOf":{"@id":"https:\/\/sos-childabduction.eu\/#website"},"datePublished":"2017-10-12T10:56:17+00:00","dateModified":"2017-10-16T11:06:23+00:00","breadcrumb":{"@id":"https:\/\/sos-childabduction.eu\/pl\/zaginione-dzieci\/poszukiwane-dzieci\/#breadcrumb"},"inLanguage":"pl-PL","potentialAction":[{"@type":"ReadAction","target":["https:\/\/sos-childabduction.eu\/pl\/zaginione-dzieci\/poszukiwane-dzieci\/"]}]},{"@type":"BreadcrumbList","@id":"https:\/\/sos-childabduction.eu\/pl\/zaginione-dzieci\/poszukiwane-dzieci\/#breadcrumb","itemListElement":[{"@type":"ListItem","position":1,"name":"Home","item":"https:\/\/sos-childabduction.eu\/"},{"@type":"ListItem","position":2,"name":"Zaginione dzieci","item":"https:\/\/sos-childabduction.eu\/pl\/zaginione-dzieci\/"},{"@type":"ListItem","position":3,"name":"Poszukiwane dzieci"}]}]}},"_links":{"self":[{"href":"https:\/\/sos-childabduction.eu\/wp-json\/wp\/v2\/pages\/211"}],"collection":[{"href":"https:\/\/sos-childabduction.eu\/wp-json\/wp\/v2\/pages"}],"about":[{"href":"https:\/\/sos-childabduction.eu\/wp-json\/wp\/v2\/types\/page"}],"author":[{"embeddable":true,"href":"https:\/\/sos-childabduction.eu\/wp-json\/wp\/v2\/users\/1"}],"replies":[{"embeddable":true,"href":"https:\/\/sos-childabduction.eu\/wp-json\/wp\/v2\/comments?post=211"}],"version-history":[{"count":5,"href":"https:\/\/sos-childabduction.eu\/wp-json\/wp\/v2\/pages\/211\/revisions"}],"predecessor-version":[{"id":399,"href":"https:\/\/sos-childabduction.eu\/wp-json\/wp\/v2\/pages\/211\/revisions\/399"}],"up":[{"embeddable":true,"href":"https:\/\/sos-childabduction.eu\/wp-json\/wp\/v2\/pages\/181"}],"wp:attachment":[{"href":"https:\/\/sos-childabduction.eu\/wp-json\/wp\/v2\/media?parent=211"}],"curies":[{"name":"wp","href":"https:\/\/api.w.org\/{rel}","templated":true}]}}