{"id":352,"date":"2017-10-13T13:54:23","date_gmt":"2017-10-13T13:54:23","guid":{"rendered":"http:\/\/sos-childabduction.eu\/?page_id=352"},"modified":"2017-11-26T22:10:18","modified_gmt":"2017-11-26T22:10:18","slug":"darowizna-na-cele-fundacji","status":"publish","type":"page","link":"https:\/\/sos-childabduction.eu\/pl\/darowizna-na-cele-fundacji\/","title":{"rendered":"Darowizna na cele fundacji"},"content":{"rendered":"<h2>Kochani rodzice, szanowna obywatelko i obywatelu!<\/h2>\n<p>&nbsp;<\/p>\n<p>Kieruj\u0105c si\u0119 nasz\u0105 inicjatyw\u0105 rodzicelsk\u0105 pod nazw\u0105 &#8222;SOS Kindesentf\u00fchrung \u00a0e.V.&#8221; (SOS Porwanie Dziecka) prosimy Was o pomoc.<\/p>\n<p>&nbsp;<\/p>\n<p>Porwanie dziecka jest zawsze ci\u0119\u017ckim prze\u017cyciem, dla dziecka, dla rodzic\u00f3w i dla wszystkich innych najbli\u017cszych os\u00f3b. Cz\u0119sto cz\u0142owiek zostaje sam z tym problemem i w jego oczach wszystko traci sens. Tu pojawiamy sie my i pomagamy w takich sytuacjach. Jednak i my potrzebujemy pomocy.<\/p>\n<p>&nbsp;<\/p>\n<p>My r\u00f3wnie\u017c jeste\u015bmy zale\u017cni od \u015brodk\u00f3w finansowych &#8211; czy to ma by\u0107 pomoc prawna dla os\u00f3b pokrzywdzonych, pomoc w zakwaterowaniu tych os\u00f3b i opieki nad nimi do czasu powrotu dzieci do domu.<\/p>\n<p>&nbsp;<\/p>\n<p>Z tego wzgl\u0119du prosimy o donacje na ten szczytny cel wp\u0142acaj\u0105c dowolne sumy poprzez nasze konto.<\/p>\n<p>&nbsp;<\/p>\n<p>W temacie prosimy wpisa\u0107 \u201eDarowizna dla SOS Porwanie dziecka\u201c<\/p>\n<p><strong><br \/>\nOdbiorca: SOS Kindesentfuehrung e.V.<\/strong><\/p>\n<p><strong>IBAN:<\/strong><strong> DE43 1005 0000 0190 5606 30<\/strong><\/p>\n<p><strong>BIC:<\/strong><strong> BELADEBEXXX<\/strong><\/p>\n<p><strong>Nazwa banku:<\/strong><strong> Berliner<\/strong> <strong>Sparkasse<\/strong><\/p>\n<p>&nbsp;<\/p>\n<p>Ka\u017cda, nawet najmniejsza darowizna jest mile widziana \u2013 dla lepszej przysz\u0142o\u015bci dzieci!<\/p>\n<p>Wi\u0119cej informacji o uprowadzeniach dzieci znajdziecie Pa\u0144stwo na naszej stronie: <a href=\"http:\/\/www.sos-porwanie-dziecka.eu\/\"><em>www.sos-porwanie-dziecka.eu<\/em><\/a><\/p>\n<p>&nbsp;<\/p>\n<p><em>Berlin, Organizacja SOS Kindesentf\u00fchrung e.V. (SOS Porwanie Dziecka)<\/em><\/p>\n<h2><strong style=\"font-size: 16px;\">Je\u015bli chcesz przela\u0107 za pomoc\u0105 PAYPAL:\u00a0<a href=\"mailto:info@sos-childabduction.eu\">info@sos-childabduction.eu<\/a><\/strong><\/h2>\n<p><strong>Prosz\u0119 klikn\u0105\u0107 tutaj:\u00a0 \u00a0<\/strong><\/p>\n<p><strong><a href=\"https:\/\/www.paypal.com\/cgi-bin\/webscr?cmd=_s-xclick&amp;hosted_button_id=QCU2ZX62UFTNG\">PAYPAL an SOS KINDESENTF\u00dcHRUNG e.V.<\/a>\u00a0\u00a0 \u00a0 \u00a0 <\/strong><\/p>\n<p>Berlin, 02.05.2017<br \/>\nSOS porwanie dziecka<\/p>\n<table width=\"478\">\n<tbody>\n<tr>\n<td width=\"191\">Wilmersdorfer Str. 165, D-10585 Berlin<br \/>\n<span style=\"font-family: inherit; font-size: inherit;\">Tel.: +49 (0) 30 120 885 24<br \/>\n<\/span><span style=\"font-family: inherit; font-size: inherit;\">Fax: +49 (0) 30 120 867 22<br \/>\n<\/span><span style=\"font-family: inherit; font-size: inherit;\">E-mail:\u00a0\u00a0<\/span><a style=\"font-family: inherit; font-size: inherit;\" href=\"mailto:info@sos-childabduction.eu\">info@sos-childabduction.eu<br \/>\n<\/a><a href=\"http:\/\/www.sos-kindesentfuehrung.de\/\">www.sos-kindesentfuehrung.de<\/a><\/td>\n<\/tr>\n<\/tbody>\n<\/table>\n","protected":false},"excerpt":{"rendered":"<p>Kochani rodzice, szanowna obywatelko i obywatelu! &nbsp; Kieruj\u0105c si\u0119 nasz\u0105 inicjatyw\u0105 rodzicelsk\u0105 pod nazw\u0105 &#8222;SOS Kindesentf\u00fchrung \u00a0e.V.&#8221; (SOS Porwanie Dziecka) prosimy Was o pomoc. &nbsp; Porwanie dziecka jest zawsze ci\u0119\u017ckim prze\u017cyciem, dla dziecka, dla rodzic\u00f3w i dla wszystkich innych najbli\u017cszych os\u00f3b. Cz\u0119sto cz\u0142owiek zostaje sam z tym problemem i w jego oczach wszystko traci sens. [&hellip;]<\/p>\n","protected":false},"author":1,"featured_media":118,"parent":0,"menu_order":0,"comment_status":"closed","ping_status":"closed","template":"","meta":{"_locale":"pl_PL","_original_post":"122"},"yoast_head":"<!-- This site is optimized with the Yoast SEO plugin v18.6 - https:\/\/yoast.com\/wordpress\/plugins\/seo\/ -->\n<title>Darowizna na cele fundacji - SOS Child Abduction<\/title>\n<meta name=\"robots\" content=\"index, follow, max-snippet:-1, max-image-preview:large, max-video-preview:-1\" \/>\n<link rel=\"canonical\" href=\"https:\/\/sos-childabduction.eu\/pl\/darowizna-na-cele-fundacji\/\" \/>\n<meta property=\"og:locale\" content=\"pl_PL\" \/>\n<meta property=\"og:type\" content=\"article\" \/>\n<meta property=\"og:title\" content=\"Darowizna na cele fundacji - SOS Child Abduction\" \/>\n<meta property=\"og:description\" content=\"Kochani rodzice, szanowna obywatelko i obywatelu! &nbsp; Kieruj\u0105c si\u0119 nasz\u0105 inicjatyw\u0105 rodzicelsk\u0105 pod nazw\u0105 &#8222;SOS Kindesentf\u00fchrung \u00a0e.V.&#8221; (SOS Porwanie Dziecka) prosimy Was o pomoc. &nbsp; Porwanie dziecka jest zawsze ci\u0119\u017ckim prze\u017cyciem, dla dziecka, dla rodzic\u00f3w i dla wszystkich innych najbli\u017cszych os\u00f3b. Cz\u0119sto cz\u0142owiek zostaje sam z tym problemem i w jego oczach wszystko traci sens. [&hellip;]\" \/>\n<meta property=\"og:url\" content=\"https:\/\/sos-childabduction.eu\/pl\/darowizna-na-cele-fundacji\/\" \/>\n<meta property=\"og:site_name\" content=\"SOS Child Abduction\" \/>\n<meta property=\"article:modified_time\" content=\"2017-11-26T22:10:18+00:00\" \/>\n<meta property=\"og:image\" content=\"https:\/\/sos-childabduction.eu\/wp-content\/uploads\/2017\/10\/boy-447701_1280-e1507293208313.jpg\" \/>\n\t<meta property=\"og:image:width\" content=\"1280\" \/>\n\t<meta property=\"og:image:height\" content=\"412\" \/>\n\t<meta property=\"og:image:type\" content=\"image\/jpeg\" \/>\n<meta name=\"twitter:card\" content=\"summary\" \/>\n<meta name=\"twitter:label1\" content=\"Szacowany czas czytania\" \/>\n\t<meta name=\"twitter:data1\" content=\"1 minuta\" \/>\n<script type=\"application\/ld+json\" class=\"yoast-schema-graph\">{\"@context\":\"https:\/\/schema.org\",\"@graph\":[{\"@type\":\"WebSite\",\"@id\":\"https:\/\/sos-childabduction.eu\/#website\",\"url\":\"https:\/\/sos-childabduction.eu\/\",\"name\":\"SOS Child Abduction\",\"description\":\"The European Organization for the Rescue of Abducted Children\",\"potentialAction\":[{\"@type\":\"SearchAction\",\"target\":{\"@type\":\"EntryPoint\",\"urlTemplate\":\"https:\/\/sos-childabduction.eu\/?s={search_term_string}\"},\"query-input\":\"required name=search_term_string\"}],\"inLanguage\":\"pl-PL\"},{\"@type\":\"ImageObject\",\"@id\":\"https:\/\/sos-childabduction.eu\/pl\/darowizna-na-cele-fundacji\/#primaryimage\",\"inLanguage\":\"pl-PL\",\"url\":\"https:\/\/sos-childabduction.eu\/wp-content\/uploads\/2017\/10\/boy-447701_1280-e1507293208313.jpg\",\"contentUrl\":\"https:\/\/sos-childabduction.eu\/wp-content\/uploads\/2017\/10\/boy-447701_1280-e1507293208313.jpg\",\"width\":1280,\"height\":412,\"caption\":\"boy-447701_1280\"},{\"@type\":\"WebPage\",\"@id\":\"https:\/\/sos-childabduction.eu\/pl\/darowizna-na-cele-fundacji\/#webpage\",\"url\":\"https:\/\/sos-childabduction.eu\/pl\/darowizna-na-cele-fundacji\/\",\"name\":\"Darowizna na cele fundacji - SOS Child Abduction\",\"isPartOf\":{\"@id\":\"https:\/\/sos-childabduction.eu\/#website\"},\"primaryImageOfPage\":{\"@id\":\"https:\/\/sos-childabduction.eu\/pl\/darowizna-na-cele-fundacji\/#primaryimage\"},\"datePublished\":\"2017-10-13T13:54:23+00:00\",\"dateModified\":\"2017-11-26T22:10:18+00:00\",\"breadcrumb\":{\"@id\":\"https:\/\/sos-childabduction.eu\/pl\/darowizna-na-cele-fundacji\/#breadcrumb\"},\"inLanguage\":\"pl-PL\",\"potentialAction\":[{\"@type\":\"ReadAction\",\"target\":[\"https:\/\/sos-childabduction.eu\/pl\/darowizna-na-cele-fundacji\/\"]}]},{\"@type\":\"BreadcrumbList\",\"@id\":\"https:\/\/sos-childabduction.eu\/pl\/darowizna-na-cele-fundacji\/#breadcrumb\",\"itemListElement\":[{\"@type\":\"ListItem\",\"position\":1,\"name\":\"Home\",\"item\":\"https:\/\/sos-childabduction.eu\/\"},{\"@type\":\"ListItem\",\"position\":2,\"name\":\"Darowizna na cele fundacji\"}]}]}<\/script>\n<!-- \/ Yoast SEO plugin. -->","yoast_head_json":{"title":"Darowizna na cele fundacji - SOS Child Abduction","robots":{"index":"index","follow":"follow","max-snippet":"max-snippet:-1","max-image-preview":"max-image-preview:large","max-video-preview":"max-video-preview:-1"},"canonical":"https:\/\/sos-childabduction.eu\/pl\/darowizna-na-cele-fundacji\/","og_locale":"pl_PL","og_type":"article","og_title":"Darowizna na cele fundacji - SOS Child Abduction","og_description":"Kochani rodzice, szanowna obywatelko i obywatelu! &nbsp; Kieruj\u0105c si\u0119 nasz\u0105 inicjatyw\u0105 rodzicelsk\u0105 pod nazw\u0105 &#8222;SOS Kindesentf\u00fchrung \u00a0e.V.&#8221; (SOS Porwanie Dziecka) prosimy Was o pomoc. &nbsp; Porwanie dziecka jest zawsze ci\u0119\u017ckim prze\u017cyciem, dla dziecka, dla rodzic\u00f3w i dla wszystkich innych najbli\u017cszych os\u00f3b. Cz\u0119sto cz\u0142owiek zostaje sam z tym problemem i w jego oczach wszystko traci sens. [&hellip;]","og_url":"https:\/\/sos-childabduction.eu\/pl\/darowizna-na-cele-fundacji\/","og_site_name":"SOS Child Abduction","article_modified_time":"2017-11-26T22:10:18+00:00","og_image":[{"width":1280,"height":412,"url":"https:\/\/sos-childabduction.eu\/wp-content\/uploads\/2017\/10\/boy-447701_1280-e1507293208313.jpg","type":"image\/jpeg"}],"twitter_card":"summary","twitter_misc":{"Szacowany czas czytania":"1 minuta"},"schema":{"@context":"https:\/\/schema.org","@graph":[{"@type":"WebSite","@id":"https:\/\/sos-childabduction.eu\/#website","url":"https:\/\/sos-childabduction.eu\/","name":"SOS Child Abduction","description":"The European Organization for the Rescue of Abducted Children","potentialAction":[{"@type":"SearchAction","target":{"@type":"EntryPoint","urlTemplate":"https:\/\/sos-childabduction.eu\/?s={search_term_string}"},"query-input":"required name=search_term_string"}],"inLanguage":"pl-PL"},{"@type":"ImageObject","@id":"https:\/\/sos-childabduction.eu\/pl\/darowizna-na-cele-fundacji\/#primaryimage","inLanguage":"pl-PL","url":"https:\/\/sos-childabduction.eu\/wp-content\/uploads\/2017\/10\/boy-447701_1280-e1507293208313.jpg","contentUrl":"https:\/\/sos-childabduction.eu\/wp-content\/uploads\/2017\/10\/boy-447701_1280-e1507293208313.jpg","width":1280,"height":412,"caption":"boy-447701_1280"},{"@type":"WebPage","@id":"https:\/\/sos-childabduction.eu\/pl\/darowizna-na-cele-fundacji\/#webpage","url":"https:\/\/sos-childabduction.eu\/pl\/darowizna-na-cele-fundacji\/","name":"Darowizna na cele fundacji - SOS Child Abduction","isPartOf":{"@id":"https:\/\/sos-childabduction.eu\/#website"},"primaryImageOfPage":{"@id":"https:\/\/sos-childabduction.eu\/pl\/darowizna-na-cele-fundacji\/#primaryimage"},"datePublished":"2017-10-13T13:54:23+00:00","dateModified":"2017-11-26T22:10:18+00:00","breadcrumb":{"@id":"https:\/\/sos-childabduction.eu\/pl\/darowizna-na-cele-fundacji\/#breadcrumb"},"inLanguage":"pl-PL","potentialAction":[{"@type":"ReadAction","target":["https:\/\/sos-childabduction.eu\/pl\/darowizna-na-cele-fundacji\/"]}]},{"@type":"BreadcrumbList","@id":"https:\/\/sos-childabduction.eu\/pl\/darowizna-na-cele-fundacji\/#breadcrumb","itemListElement":[{"@type":"ListItem","position":1,"name":"Home","item":"https:\/\/sos-childabduction.eu\/"},{"@type":"ListItem","position":2,"name":"Darowizna na cele fundacji"}]}]}},"_links":{"self":[{"href":"https:\/\/sos-childabduction.eu\/wp-json\/wp\/v2\/pages\/352"}],"collection":[{"href":"https:\/\/sos-childabduction.eu\/wp-json\/wp\/v2\/pages"}],"about":[{"href":"https:\/\/sos-childabduction.eu\/wp-json\/wp\/v2\/types\/page"}],"author":[{"embeddable":true,"href":"https:\/\/sos-childabduction.eu\/wp-json\/wp\/v2\/users\/1"}],"replies":[{"embeddable":true,"href":"https:\/\/sos-childabduction.eu\/wp-json\/wp\/v2\/comments?post=352"}],"version-history":[{"count":6,"href":"https:\/\/sos-childabduction.eu\/wp-json\/wp\/v2\/pages\/352\/revisions"}],"predecessor-version":[{"id":644,"href":"https:\/\/sos-childabduction.eu\/wp-json\/wp\/v2\/pages\/352\/revisions\/644"}],"wp:featuredmedia":[{"embeddable":true,"href":"https:\/\/sos-childabduction.eu\/wp-json\/wp\/v2\/media\/118"}],"wp:attachment":[{"href":"https:\/\/sos-childabduction.eu\/wp-json\/wp\/v2\/media?parent=352"}],"curies":[{"name":"wp","href":"https:\/\/api.w.org\/{rel}","templated":true}]}}