{"id":401,"date":"2017-10-16T11:16:05","date_gmt":"2017-10-16T11:16:05","guid":{"rendered":"http:\/\/sos-childabduction.eu\/?page_id=401"},"modified":"2022-01-12T12:01:15","modified_gmt":"2022-01-12T12:01:15","slug":"kontakt","status":"publish","type":"page","link":"https:\/\/sos-childabduction.eu\/pl\/kontakt\/","title":{"rendered":"Kontakt"},"content":{"rendered":"\n<div class=\"wp-block-contact-form-7-contact-form-selector\"><div role=\"form\" class=\"wpcf7\" id=\"wpcf7-f911-o1\" lang=\"de-DE\" dir=\"ltr\">\n<div class=\"screen-reader-response\"><p role=\"status\" aria-live=\"polite\" aria-atomic=\"true\"><\/p> <ul><\/ul><\/div>\n<form action=\"\/pl\/wp-json\/wp\/v2\/pages\/401#wpcf7-f911-o1\" method=\"post\" class=\"wpcf7-form init\" enctype=\"multipart\/form-data\" novalidate=\"novalidate\" data-status=\"init\">\n<div style=\"display: none;\">\n<input type=\"hidden\" name=\"_wpcf7\" value=\"911\" \/>\n<input type=\"hidden\" name=\"_wpcf7_version\" value=\"5.5.6\" \/>\n<input type=\"hidden\" name=\"_wpcf7_locale\" value=\"de_DE\" \/>\n<input type=\"hidden\" name=\"_wpcf7_unit_tag\" value=\"wpcf7-f911-o1\" \/>\n<input type=\"hidden\" name=\"_wpcf7_container_post\" value=\"0\" \/>\n<input type=\"hidden\" name=\"_wpcf7_posted_data_hash\" value=\"\" \/>\n<\/div>\n<p><label> <b> Ka\u017cda informacja mo\u017ce uratowa\u0107 \u017cycie dziecka! <\/b> <\/label><\/p>\n<p><label> <i> Podanie danych osobowych jest dobrowolne. <\/i> <\/label><\/p>\n<p><label> Twoje imi\u0119 i nazwisko (podanie dobrowolne)<br \/>\n   <span class=\"wpcf7-form-control-wrap your-name\"><input type=\"text\" name=\"your-name\" value=\"\" size=\"40\" class=\"wpcf7-form-control wpcf7-text\" aria-invalid=\"false\" \/><\/span> <\/label><\/p>\n<p><label> Tw\u00f3j adres Email (podanie dobrowolne)<br \/>\n   <span class=\"wpcf7-form-control-wrap your-email\"><input type=\"email\" name=\"your-email\" value=\"\" size=\"40\" class=\"wpcf7-form-control wpcf7-text wpcf7-email wpcf7-validates-as-email\" aria-invalid=\"false\" \/><\/span> <\/label><\/p>\n<p><label> Temat (podanie dobrowolne)<br \/>\n   <span class=\"wpcf7-form-control-wrap your-subject\"><input type=\"text\" name=\"your-subject\" value=\"\" size=\"40\" class=\"wpcf7-form-control wpcf7-text\" aria-invalid=\"false\" \/><\/span> <\/label><\/p>\n<p><label> Twoja wiadomo\u015b\u0107<br \/>\n   <span class=\"wpcf7-form-control-wrap your-message\"><textarea name=\"your-message\" cols=\"40\" rows=\"10\" class=\"wpcf7-form-control wpcf7-textarea\" aria-invalid=\"false\"><\/textarea><\/span> <\/label><\/p>\n<p><label> Dodatkowe za\u0142\u0105czniki    <span class=\"wpcf7-form-control-wrap file-289\"><input type=\"file\" name=\"file-289\" size=\"40\" class=\"wpcf7-form-control wpcf7-file\" accept=\".jpg,.jpeg,.png,.gif,.pdf,.doc,.docx,.ppt,.pptx,.odt,.avi,.ogg,.m4a,.mov,.mp3,.mp4,.mpg,.wav,.wmv\" aria-invalid=\"false\" \/><\/span> <\/label><\/p>\n<p><input type=\"submit\" value=\"Wy\u015blij\" class=\"wpcf7-form-control has-spinner wpcf7-submit\" \/><\/p>\n<p><span id=\"wpcf7-6a094f5ab8e77-wrapper\" class=\"wpcf7-form-control-wrap honeypot-715-wrap\" style=\"display:none !important; visibility:hidden !important;\"><input type=\"hidden\" name=\"honeypot-715-time-start\" value=\"1778995034\"><input type=\"hidden\" name=\"honeypot-715-time-check\" value=\"12\"><label for=\"wpcf7-6a094f5ab8e77-field\" class=\"hp-message\">Please leave this field empty.<\/label><input id=\"wpcf7-6a094f5ab8e77-field\"  class=\"wpcf7-form-control wpcf7-text\" type=\"text\" name=\"honeypot-715\" value=\"\" size=\"40\" tabindex=\"-1\" autocomplete=\"new-password\" \/><\/span><\/p>\n<p style=\"display: none !important;\"><label>&#916;<textarea name=\"_wpcf7_ak_hp_textarea\" cols=\"45\" rows=\"8\" maxlength=\"100\"><\/textarea><\/label><input type=\"hidden\" id=\"ak_js_1\" name=\"_wpcf7_ak_js\" value=\"209\"\/><script>document.getElementById( \"ak_js_1\" ).setAttribute( \"value\", ( new Date() ).getTime() );<\/script><\/p><div class=\"wpcf7-response-output\" aria-hidden=\"true\"><\/div><\/form><\/div><\/div>\n\n\n\n<br>\n<br>\n<br>\n\n\n\n\n<p><\/p>\n\n\n\n\n<div id=\"mc_embed_signup\"><form id=\"mc-embedded-subscribe-form\" class=\"validate\" action=\"https:\/\/sos-childabduction.us17.list-manage.com\/subscribe\/post?u=5f507fbe0ca5c40ea315e6073&amp;id=6867d022a3\" method=\"post\" name=\"mc-embedded-subscribe-form\" novalidate=\"\" target=\"_blank\">\n<div id=\"mc_embed_signup_scroll\">\n<h2 style=\"text-align: center;\">Do\u0142\u0105cz do naszego Newsletter:<\/h2>\n<div class=\"indicates-required\" style=\"text-align: right;\"><span class=\"asterisk\">*<\/span> Pole obowi\u0105zkowe<\/div>\n<div class=\"mc-field-group\" style=\"text-align: center;\"><label for=\"mce-EMAIL\">Adres e-mail <span class=\"asterisk\">*<\/span><br><\/label><input id=\"mce-EMAIL\" class=\"required email\" name=\"EMAIL\" type=\"email\" value=\"\"><\/div>\n<div class=\"mc-field-group\" style=\"text-align: center;\"><label for=\"mce-FNAME\">Imi\u0119 <\/label><br><input id=\"mce-FNAME\" class=\"\" name=\"FNAME\" type=\"text\" value=\"\"><\/div>\n<div class=\"mc-field-group\" style=\"text-align: center;\"><label for=\"mce-LNAME\">Nazwisko <\/label><br><input id=\"mce-LNAME\" class=\"\" name=\"LNAME\" type=\"text\" value=\"\"><\/div>\n<div>&nbsp;<\/div>\n<div class=\"mc-field-group size1of2\" style=\"text-align: center;\"><label for=\"mce-BIRTHDAY-month\">Urodziny <\/label>\n<div class=\"datefield\"><span class=\"subfield dayfield\"><input id=\"mce-BIRTHDAY-day\" class=\"birthday \" maxlength=\"2\" name=\"BIRTHDAY[day]\" pattern=\"[0-9]*\" size=\"2\" type=\"text\" value=\"\" placeholder=\"TT\"><\/span> \/&nbsp;<span class=\"subfield monthfield\"><input id=\"mce-BIRTHDAY-month\" class=\"birthday \" maxlength=\"2\" name=\"BIRTHDAY[month]\" pattern=\"[0-9]*\" size=\"2\" type=\"text\" value=\"\" placeholder=\"MM\"><\/span><br><span class=\"small-meta nowrap\">( Dzie\u0144 \/ Miesi\u0105c &#8211; prosz\u0119 poda\u0107 w formie dwucyfrowej, np. 03\/05 dla urodzonych trzeciego maja )<\/span><\/div>\n<\/div>\n<br>\n<div class=\"mc-field-group input-group\" style=\"text-align: center;\">\n<p><strong>Chcia\u0142by\u015b aktywnie uczestniczy\u0107 w naszym gronie? <\/strong><\/p>\n<p><input id=\"mce-group[5245]-5245-0\" name=\"group[5245][1]\" type=\"checkbox\" value=\"1\"><label for=\"mce-group[5245]-5245-0\">Chcia\u0142abym zosta\u0107 pe\u0142noprawnym cz\u0142onkiem stowarzyszenia, wspiera\u0107 innych i otrzymywa\u0107 pomoc.<\/label><\/p>\n<p><input id=\"mce-group[5245]-5245-1\" name=\"group[5245][2]\" type=\"checkbox\" value=\"2\"><label for=\"mce-group[5245]-5245-1\">Chcia\u0142abym zosta\u0107 cz\u0142onkiem biernym.<\/label><\/p>\n<\/div>\n<div id=\"mce-responses\" class=\"clear\" style=\"text-align: center;\">&nbsp;<\/div>\n<p style=\"text-align: center;\"><!-- real people should not fill this in and expect good things - do not remove this or risk form bot signups--><\/p>\n<div style=\"position: absolute; left: -5000px; text-align: center;\" aria-hidden=\"true\"><input tabindex=\"-1\" name=\"b_5f507fbe0ca5c40ea315e6073_6867d022a3\" type=\"text\" value=\"\"><\/div>\n<div class=\"clear\" style=\"text-align: center;\"><input id=\"mc-embedded-subscribe\" class=\"button\" name=\"subscribe\" type=\"submit\" value=\"Zapisz si\u0119\"><\/div>\n<\/div>\n<\/form><\/div>\n\n","protected":false},"excerpt":{"rendered":"<p>Do\u0142\u0105cz do naszego Newsletter: * Pole obowi\u0105zkowe Adres e-mail * Imi\u0119 Nazwisko &nbsp; Urodziny \/&nbsp;( Dzie\u0144 \/ Miesi\u0105c &#8211; prosz\u0119 poda\u0107 w formie dwucyfrowej, np. 03\/05 dla urodzonych trzeciego maja ) Chcia\u0142by\u015b aktywnie uczestniczy\u0107 w naszym gronie? Chcia\u0142abym zosta\u0107 pe\u0142noprawnym cz\u0142onkiem stowarzyszenia, wspiera\u0107 innych i otrzymywa\u0107 pomoc. Chcia\u0142abym zosta\u0107 cz\u0142onkiem biernym. &nbsp;<\/p>\n","protected":false},"author":1,"featured_media":0,"parent":0,"menu_order":0,"comment_status":"closed","ping_status":"closed","template":"","meta":{"_locale":"pl_PL","_original_post":"80"},"yoast_head":"<!-- This site is optimized with the Yoast SEO plugin v18.6 - https:\/\/yoast.com\/wordpress\/plugins\/seo\/ -->\n<title>Kontakt - SOS Child Abduction<\/title>\n<meta name=\"robots\" content=\"index, follow, max-snippet:-1, max-image-preview:large, max-video-preview:-1\" \/>\n<link rel=\"canonical\" href=\"https:\/\/sos-childabduction.eu\/pl\/kontakt\/\" \/>\n<meta property=\"og:locale\" content=\"pl_PL\" \/>\n<meta property=\"og:type\" content=\"article\" \/>\n<meta property=\"og:title\" content=\"Kontakt - SOS Child Abduction\" \/>\n<meta property=\"og:description\" content=\"Do\u0142\u0105cz do naszego Newsletter: * Pole obowi\u0105zkowe Adres e-mail * Imi\u0119 Nazwisko &nbsp; Urodziny \/&nbsp;( Dzie\u0144 \/ Miesi\u0105c &#8211; prosz\u0119 poda\u0107 w formie dwucyfrowej, np. 03\/05 dla urodzonych trzeciego maja ) Chcia\u0142by\u015b aktywnie uczestniczy\u0107 w naszym gronie? Chcia\u0142abym zosta\u0107 pe\u0142noprawnym cz\u0142onkiem stowarzyszenia, wspiera\u0107 innych i otrzymywa\u0107 pomoc. Chcia\u0142abym zosta\u0107 cz\u0142onkiem biernym. &nbsp;\" \/>\n<meta property=\"og:url\" content=\"https:\/\/sos-childabduction.eu\/pl\/kontakt\/\" \/>\n<meta property=\"og:site_name\" content=\"SOS Child Abduction\" \/>\n<meta property=\"article:modified_time\" content=\"2022-01-12T12:01:15+00:00\" \/>\n<meta name=\"twitter:card\" content=\"summary\" \/>\n<meta name=\"twitter:label1\" content=\"Szacowany czas czytania\" \/>\n\t<meta name=\"twitter:data1\" content=\"1 minuta\" \/>\n<script type=\"application\/ld+json\" class=\"yoast-schema-graph\">{\"@context\":\"https:\/\/schema.org\",\"@graph\":[{\"@type\":\"WebSite\",\"@id\":\"https:\/\/sos-childabduction.eu\/#website\",\"url\":\"https:\/\/sos-childabduction.eu\/\",\"name\":\"SOS Child Abduction\",\"description\":\"The European Organization for the Rescue of Abducted Children\",\"potentialAction\":[{\"@type\":\"SearchAction\",\"target\":{\"@type\":\"EntryPoint\",\"urlTemplate\":\"https:\/\/sos-childabduction.eu\/?s={search_term_string}\"},\"query-input\":\"required name=search_term_string\"}],\"inLanguage\":\"pl-PL\"},{\"@type\":\"WebPage\",\"@id\":\"https:\/\/sos-childabduction.eu\/pl\/kontakt\/#webpage\",\"url\":\"https:\/\/sos-childabduction.eu\/pl\/kontakt\/\",\"name\":\"Kontakt - SOS Child Abduction\",\"isPartOf\":{\"@id\":\"https:\/\/sos-childabduction.eu\/#website\"},\"datePublished\":\"2017-10-16T11:16:05+00:00\",\"dateModified\":\"2022-01-12T12:01:15+00:00\",\"breadcrumb\":{\"@id\":\"https:\/\/sos-childabduction.eu\/pl\/kontakt\/#breadcrumb\"},\"inLanguage\":\"pl-PL\",\"potentialAction\":[{\"@type\":\"ReadAction\",\"target\":[\"https:\/\/sos-childabduction.eu\/pl\/kontakt\/\"]}]},{\"@type\":\"BreadcrumbList\",\"@id\":\"https:\/\/sos-childabduction.eu\/pl\/kontakt\/#breadcrumb\",\"itemListElement\":[{\"@type\":\"ListItem\",\"position\":1,\"name\":\"Home\",\"item\":\"https:\/\/sos-childabduction.eu\/\"},{\"@type\":\"ListItem\",\"position\":2,\"name\":\"Kontakt\"}]}]}<\/script>\n<!-- \/ Yoast SEO plugin. -->","yoast_head_json":{"title":"Kontakt - SOS Child Abduction","robots":{"index":"index","follow":"follow","max-snippet":"max-snippet:-1","max-image-preview":"max-image-preview:large","max-video-preview":"max-video-preview:-1"},"canonical":"https:\/\/sos-childabduction.eu\/pl\/kontakt\/","og_locale":"pl_PL","og_type":"article","og_title":"Kontakt - SOS Child Abduction","og_description":"Do\u0142\u0105cz do naszego Newsletter: * Pole obowi\u0105zkowe Adres e-mail * Imi\u0119 Nazwisko &nbsp; Urodziny \/&nbsp;( Dzie\u0144 \/ Miesi\u0105c &#8211; prosz\u0119 poda\u0107 w formie dwucyfrowej, np. 03\/05 dla urodzonych trzeciego maja ) Chcia\u0142by\u015b aktywnie uczestniczy\u0107 w naszym gronie? Chcia\u0142abym zosta\u0107 pe\u0142noprawnym cz\u0142onkiem stowarzyszenia, wspiera\u0107 innych i otrzymywa\u0107 pomoc. Chcia\u0142abym zosta\u0107 cz\u0142onkiem biernym. &nbsp;","og_url":"https:\/\/sos-childabduction.eu\/pl\/kontakt\/","og_site_name":"SOS Child Abduction","article_modified_time":"2022-01-12T12:01:15+00:00","twitter_card":"summary","twitter_misc":{"Szacowany czas czytania":"1 minuta"},"schema":{"@context":"https:\/\/schema.org","@graph":[{"@type":"WebSite","@id":"https:\/\/sos-childabduction.eu\/#website","url":"https:\/\/sos-childabduction.eu\/","name":"SOS Child Abduction","description":"The European Organization for the Rescue of Abducted Children","potentialAction":[{"@type":"SearchAction","target":{"@type":"EntryPoint","urlTemplate":"https:\/\/sos-childabduction.eu\/?s={search_term_string}"},"query-input":"required name=search_term_string"}],"inLanguage":"pl-PL"},{"@type":"WebPage","@id":"https:\/\/sos-childabduction.eu\/pl\/kontakt\/#webpage","url":"https:\/\/sos-childabduction.eu\/pl\/kontakt\/","name":"Kontakt - SOS Child Abduction","isPartOf":{"@id":"https:\/\/sos-childabduction.eu\/#website"},"datePublished":"2017-10-16T11:16:05+00:00","dateModified":"2022-01-12T12:01:15+00:00","breadcrumb":{"@id":"https:\/\/sos-childabduction.eu\/pl\/kontakt\/#breadcrumb"},"inLanguage":"pl-PL","potentialAction":[{"@type":"ReadAction","target":["https:\/\/sos-childabduction.eu\/pl\/kontakt\/"]}]},{"@type":"BreadcrumbList","@id":"https:\/\/sos-childabduction.eu\/pl\/kontakt\/#breadcrumb","itemListElement":[{"@type":"ListItem","position":1,"name":"Home","item":"https:\/\/sos-childabduction.eu\/"},{"@type":"ListItem","position":2,"name":"Kontakt"}]}]}},"_links":{"self":[{"href":"https:\/\/sos-childabduction.eu\/wp-json\/wp\/v2\/pages\/401"}],"collection":[{"href":"https:\/\/sos-childabduction.eu\/wp-json\/wp\/v2\/pages"}],"about":[{"href":"https:\/\/sos-childabduction.eu\/wp-json\/wp\/v2\/types\/page"}],"author":[{"embeddable":true,"href":"https:\/\/sos-childabduction.eu\/wp-json\/wp\/v2\/users\/1"}],"replies":[{"embeddable":true,"href":"https:\/\/sos-childabduction.eu\/wp-json\/wp\/v2\/comments?post=401"}],"version-history":[{"count":5,"href":"https:\/\/sos-childabduction.eu\/wp-json\/wp\/v2\/pages\/401\/revisions"}],"predecessor-version":[{"id":915,"href":"https:\/\/sos-childabduction.eu\/wp-json\/wp\/v2\/pages\/401\/revisions\/915"}],"wp:attachment":[{"href":"https:\/\/sos-childabduction.eu\/wp-json\/wp\/v2\/media?parent=401"}],"curies":[{"name":"wp","href":"https:\/\/api.w.org\/{rel}","templated":true}]}}