{"id":420,"date":"2017-10-17T10:55:11","date_gmt":"2017-10-17T10:55:11","guid":{"rendered":"http:\/\/sos-childabduction.eu\/?page_id=420"},"modified":"2017-10-17T12:32:04","modified_gmt":"2017-10-17T12:32:04","slug":"dolacz-do-nas","status":"publish","type":"page","link":"https:\/\/sos-childabduction.eu\/pl\/dolacz-do-nas\/","title":{"rendered":"Do\u0142\u0105cz do nas"},"content":{"rendered":"<p><a class=\"mssg\" href=\"\/wp-content\/uploads\/2017\/10\/Mitgliedsantrag.pdf\">Pobierz i wype\u0142nij formularz<\/a><\/p>\n","protected":false},"excerpt":{"rendered":"<p>Pobierz i wype\u0142nij formularz<\/p>\n","protected":false},"author":1,"featured_media":0,"parent":0,"menu_order":0,"comment_status":"closed","ping_status":"closed","template":"","meta":{"_locale":"pl_PL","_original_post":"417"},"yoast_head":"<!-- This site is optimized with the Yoast SEO plugin v18.6 - https:\/\/yoast.com\/wordpress\/plugins\/seo\/ -->\n<title>Do\u0142\u0105cz do nas - SOS Child Abduction<\/title>\n<meta name=\"robots\" content=\"index, follow, max-snippet:-1, max-image-preview:large, max-video-preview:-1\" \/>\n<link rel=\"canonical\" href=\"https:\/\/sos-childabduction.eu\/pl\/dolacz-do-nas\/\" \/>\n<meta property=\"og:locale\" content=\"pl_PL\" \/>\n<meta property=\"og:type\" content=\"article\" \/>\n<meta property=\"og:title\" content=\"Do\u0142\u0105cz do nas - SOS Child Abduction\" \/>\n<meta property=\"og:description\" content=\"Pobierz i wype\u0142nij formularz\" \/>\n<meta property=\"og:url\" content=\"https:\/\/sos-childabduction.eu\/pl\/dolacz-do-nas\/\" \/>\n<meta property=\"og:site_name\" content=\"SOS Child Abduction\" \/>\n<meta property=\"article:modified_time\" content=\"2017-10-17T12:32:04+00:00\" \/>\n<meta name=\"twitter:card\" content=\"summary\" \/>\n<script type=\"application\/ld+json\" class=\"yoast-schema-graph\">{\"@context\":\"https:\/\/schema.org\",\"@graph\":[{\"@type\":\"WebSite\",\"@id\":\"https:\/\/sos-childabduction.eu\/#website\",\"url\":\"https:\/\/sos-childabduction.eu\/\",\"name\":\"SOS Child Abduction\",\"description\":\"The European Organization for the Rescue of Abducted Children\",\"potentialAction\":[{\"@type\":\"SearchAction\",\"target\":{\"@type\":\"EntryPoint\",\"urlTemplate\":\"https:\/\/sos-childabduction.eu\/?s={search_term_string}\"},\"query-input\":\"required name=search_term_string\"}],\"inLanguage\":\"pl-PL\"},{\"@type\":\"WebPage\",\"@id\":\"https:\/\/sos-childabduction.eu\/pl\/dolacz-do-nas\/#webpage\",\"url\":\"https:\/\/sos-childabduction.eu\/pl\/dolacz-do-nas\/\",\"name\":\"Do\u0142\u0105cz do nas - SOS Child Abduction\",\"isPartOf\":{\"@id\":\"https:\/\/sos-childabduction.eu\/#website\"},\"datePublished\":\"2017-10-17T10:55:11+00:00\",\"dateModified\":\"2017-10-17T12:32:04+00:00\",\"breadcrumb\":{\"@id\":\"https:\/\/sos-childabduction.eu\/pl\/dolacz-do-nas\/#breadcrumb\"},\"inLanguage\":\"pl-PL\",\"potentialAction\":[{\"@type\":\"ReadAction\",\"target\":[\"https:\/\/sos-childabduction.eu\/pl\/dolacz-do-nas\/\"]}]},{\"@type\":\"BreadcrumbList\",\"@id\":\"https:\/\/sos-childabduction.eu\/pl\/dolacz-do-nas\/#breadcrumb\",\"itemListElement\":[{\"@type\":\"ListItem\",\"position\":1,\"name\":\"Home\",\"item\":\"https:\/\/sos-childabduction.eu\/\"},{\"@type\":\"ListItem\",\"position\":2,\"name\":\"Do\u0142\u0105cz do nas\"}]}]}<\/script>\n<!-- \/ Yoast SEO plugin. -->","yoast_head_json":{"title":"Do\u0142\u0105cz do nas - SOS Child Abduction","robots":{"index":"index","follow":"follow","max-snippet":"max-snippet:-1","max-image-preview":"max-image-preview:large","max-video-preview":"max-video-preview:-1"},"canonical":"https:\/\/sos-childabduction.eu\/pl\/dolacz-do-nas\/","og_locale":"pl_PL","og_type":"article","og_title":"Do\u0142\u0105cz do nas - SOS Child Abduction","og_description":"Pobierz i wype\u0142nij formularz","og_url":"https:\/\/sos-childabduction.eu\/pl\/dolacz-do-nas\/","og_site_name":"SOS Child Abduction","article_modified_time":"2017-10-17T12:32:04+00:00","twitter_card":"summary","schema":{"@context":"https:\/\/schema.org","@graph":[{"@type":"WebSite","@id":"https:\/\/sos-childabduction.eu\/#website","url":"https:\/\/sos-childabduction.eu\/","name":"SOS Child Abduction","description":"The European Organization for the Rescue of Abducted Children","potentialAction":[{"@type":"SearchAction","target":{"@type":"EntryPoint","urlTemplate":"https:\/\/sos-childabduction.eu\/?s={search_term_string}"},"query-input":"required name=search_term_string"}],"inLanguage":"pl-PL"},{"@type":"WebPage","@id":"https:\/\/sos-childabduction.eu\/pl\/dolacz-do-nas\/#webpage","url":"https:\/\/sos-childabduction.eu\/pl\/dolacz-do-nas\/","name":"Do\u0142\u0105cz do nas - SOS Child Abduction","isPartOf":{"@id":"https:\/\/sos-childabduction.eu\/#website"},"datePublished":"2017-10-17T10:55:11+00:00","dateModified":"2017-10-17T12:32:04+00:00","breadcrumb":{"@id":"https:\/\/sos-childabduction.eu\/pl\/dolacz-do-nas\/#breadcrumb"},"inLanguage":"pl-PL","potentialAction":[{"@type":"ReadAction","target":["https:\/\/sos-childabduction.eu\/pl\/dolacz-do-nas\/"]}]},{"@type":"BreadcrumbList","@id":"https:\/\/sos-childabduction.eu\/pl\/dolacz-do-nas\/#breadcrumb","itemListElement":[{"@type":"ListItem","position":1,"name":"Home","item":"https:\/\/sos-childabduction.eu\/"},{"@type":"ListItem","position":2,"name":"Do\u0142\u0105cz do nas"}]}]}},"_links":{"self":[{"href":"https:\/\/sos-childabduction.eu\/wp-json\/wp\/v2\/pages\/420"}],"collection":[{"href":"https:\/\/sos-childabduction.eu\/wp-json\/wp\/v2\/pages"}],"about":[{"href":"https:\/\/sos-childabduction.eu\/wp-json\/wp\/v2\/types\/page"}],"author":[{"embeddable":true,"href":"https:\/\/sos-childabduction.eu\/wp-json\/wp\/v2\/users\/1"}],"replies":[{"embeddable":true,"href":"https:\/\/sos-childabduction.eu\/wp-json\/wp\/v2\/comments?post=420"}],"version-history":[{"count":3,"href":"https:\/\/sos-childabduction.eu\/wp-json\/wp\/v2\/pages\/420\/revisions"}],"predecessor-version":[{"id":465,"href":"https:\/\/sos-childabduction.eu\/wp-json\/wp\/v2\/pages\/420\/revisions\/465"}],"wp:attachment":[{"href":"https:\/\/sos-childabduction.eu\/wp-json\/wp\/v2\/media?parent=420"}],"curies":[{"name":"wp","href":"https:\/\/api.w.org\/{rel}","templated":true}]}}